{"id":198,"date":"2017-08-01T09:00:06","date_gmt":"2017-08-01T07:00:06","guid":{"rendered":"http:\/\/rushmore.wpcolorlab.com\/?page_id=198"},"modified":"2023-11-23T11:45:12","modified_gmt":"2023-11-23T09:45:12","slug":"team","status":"publish","type":"page","link":"https:\/\/howlab.i3a.es\/es\/team\/","title":{"rendered":"Investigadores"},"content":{"rendered":"<div id=\"pl-gb198-69e7c44d3e992\"  class=\"panel-layout\" ><div id=\"pg-gb198-69e7c44d3e992-0\"  class=\"panel-grid panel-has-style\" ><div class=\"siteorigin-panels-stretch panel-row-style panel-row-style-for-gb198-69e7c44d3e992-0\" data-stretch-type=\"full-width-stretch\" ><div id=\"pgc-gb198-69e7c44d3e992-0-0\"  class=\"panel-grid-cell\" ><div id=\"panel-gb198-69e7c44d3e992-0-0-0\" class=\"so-panel widget widget_sow-hero panel-first-child panel-last-child\" data-index=\"0\" ><div\n\t\t\t\n\t\t\tclass=\"so-widget-sow-hero so-widget-sow-hero-default-93415d0e2dbf-198 so-widget-fittext-wrapper\"\n\t\t\t data-fit-text-compressor=\"0.85\"\n\t\t>\t\t\t\t<div class=\"sow-slider-base\" style=\"display: none\" tabindex=\"0\">\n\t\t\t\t\t<ul\n\t\t\t\t\tclass=\"sow-slider-images\"\n\t\t\t\t\tdata-settings=\"{&quot;pagination&quot;:true,&quot;speed&quot;:800,&quot;timeout&quot;:8000,&quot;paused&quot;:false,&quot;pause_on_hover&quot;:false,&quot;swipe&quot;:true,&quot;nav_always_show_desktop&quot;:&quot;&quot;,&quot;nav_always_show_mobile&quot;:&quot;&quot;,&quot;breakpoint&quot;:&quot;780px&quot;,&quot;unmute&quot;:false,&quot;anchor&quot;:null}\"\n\t\t\t\t\t\t\t\t\t\tdata-anchor-id=\"\"\n\t\t\t\t>\t\t<li class=\"sow-slider-image  sow-slider-image-cover\" style=\"visibility: visible;;background-color: #333333;background-image: url(https:\/\/howlab.i3a.es\/wp-content\/uploads\/2021\/04\/Banner1.png)\" >\n\t\t\t\t\t<div class=\"sow-slider-image-container\">\n\t\t\t<div class=\"sow-slider-image-wrapper\">\n\t\t\t\t<h1 class=\"entry-title\" style=\"text-align: center\"><strong>Investigadores<\/strong><\/h1>\n\t\t\t<\/div>\n\t\t<\/div>\n\t\t\t\t<\/li>\n\t\t<\/ul>\t\t\t\t<ol class=\"sow-slider-pagination\">\n\t\t\t\t\t\t\t\t\t\t\t<li><a href=\"#\" data-goto=\"0\" aria-label=\"mostrar diapositiva 1\"><\/a><\/li>\n\t\t\t\t\t\t\t\t\t<\/ol>\n\n\t\t\t\t<div class=\"sow-slide-nav sow-slide-nav-next\">\n\t\t\t\t\t<a href=\"#\" data-goto=\"next\" aria-label=\"diapositiva siguiente\" data-action=\"next\">\n\t\t\t\t\t\t<em class=\"sow-sld-icon-thin-right\"><\/em>\n\t\t\t\t\t<\/a>\n\t\t\t\t<\/div>\n\n\t\t\t\t<div class=\"sow-slide-nav sow-slide-nav-prev\">\n\t\t\t\t\t<a href=\"#\" data-goto=\"previous\" aria-label=\"diapositiva anterior\" data-action=\"prev\">\n\t\t\t\t\t\t<em class=\"sow-sld-icon-thin-left\"><\/em>\n\t\t\t\t\t<\/a>\n\t\t\t\t<\/div>\n\t\t\t\t<\/div><\/div><\/div><\/div><\/div><\/div><\/div>\n\n<div  class=\"ultp-post-grid-block wp-block-ultimate-post-post-grid-2 ultp-block-71caeb\"><div class=\"ultp-block-wrapper\"><div class=\"ultp-loading\"><div class=\"ultp-loading-blocks\" style=\"width:100%;height:100%;\"><div style=\"left: 0;top: 0;animation-delay:0s;\"><\/div><div style=\"left: 21px;top: 0;animation-delay:0.125s;\"><\/div><div style=\"left: 42px;top: 0;animation-delay:0.25s;\"><\/div><div style=\"left: 0;top: 21px;animation-delay:0.875s;\"><\/div><div style=\"left: 42px;top: 21px;animation-delay:0.375s;\"><\/div><div style=\"left: 0;top: 42px;animation-delay:0.75s;\"><\/div><div style=\"left: 42px;top: 42px;animation-delay:0.625s;\"><\/div><div style=\"left: 21px;top: 42px;animation-delay:0.5s;\"><\/div><\/div><\/div><div class=\"ultp-heading-filter\"><div class=\"ultp-heading-filter-in\"><div class=\"ultp-heading-wrap ultp-heading-style1 ultp-heading-left\"><h2 class=\"ultp-heading-inner\"><span>Investigadores<\/span><\/h2><\/div><\/div><\/div><div class=\"ultp-block-items-wrap ultp-block-row\"><div class=\"ultp-block-item post-id-4906\"><div class=\"ultp-block-content-wrap ultp-block-content-overlay\"><div class=\"ultp-block-image ultp-block-image-zoomIn ultp-block-image-overlay ultp-block-image-custom\"><a href=\"https:\/\/howlab.i3a.es\/es\/alberto-gascon-roche\/\" ><img decoding=\"async\"  alt=\"Alberto Gasc\u00f3n Roche\"  src=\"https:\/\/howlab.i3a.es\/wp-content\/uploads\/2022\/01\/Foto-Alberto-Gascon-800x570.jpg\" \/><\/a><\/div><div class=\"ultp-block-content ultp-block-content-bottomPosition\"><div class=\"ultp-block-content-inner\"><h3 class=\"ultp-block-title\"><a href=\"https:\/\/howlab.i3a.es\/es\/alberto-gascon-roche\/\" >Alberto Gasc\u00f3n Roche<\/a><\/h3><\/div><\/div><\/div><\/div><div class=\"ultp-block-item post-id-5427\"><div class=\"ultp-block-content-wrap ultp-block-content-overlay\"><div class=\"ultp-block-image ultp-block-image-zoomIn ultp-block-image-overlay ultp-block-image-custom\"><a href=\"https:\/\/howlab.i3a.es\/es\/alberto-mur-lopez\/\" ><img decoding=\"async\"  alt=\"Alberto Mur L\u00f3pez\"  src=\"https:\/\/howlab.i3a.es\/wp-content\/uploads\/2021\/04\/Foto-Alberto-mur-Lopez.png\" \/><\/a><\/div><div class=\"ultp-block-content ultp-block-content-bottomPosition\"><div class=\"ultp-block-content-inner\"><h3 class=\"ultp-block-title\"><a href=\"https:\/\/howlab.i3a.es\/es\/alberto-mur-lopez\/\" >Alberto Mur L\u00f3pez<\/a><\/h3><\/div><\/div><\/div><\/div><div class=\"ultp-block-item post-id-5431\"><div class=\"ultp-block-content-wrap ultp-block-content-overlay\"><div class=\"ultp-block-image ultp-block-image-zoomIn ultp-block-image-overlay ultp-block-image-custom\"><a href=\"https:\/\/howlab.i3a.es\/es\/alvaro-marco-marco\/\" ><img decoding=\"async\"  alt=\"\u00c1lvaro Marco Marco\"  src=\"https:\/\/howlab.i3a.es\/wp-content\/uploads\/2021\/04\/Foto-Alvaro-Marco-e1619105341766-870x570.jpg\" \/><\/a><\/div><div class=\"ultp-block-content ultp-block-content-bottomPosition\"><div class=\"ultp-block-content-inner\"><h3 class=\"ultp-block-title\"><a href=\"https:\/\/howlab.i3a.es\/es\/alvaro-marco-marco\/\" >\u00c1lvaro Marco Marco<\/a><\/h3><\/div><\/div><\/div><\/div><div class=\"ultp-block-item post-id-5433\"><div class=\"ultp-block-content-wrap ultp-block-content-overlay\"><div class=\"ultp-block-image ultp-block-image-zoomIn ultp-block-image-overlay ultp-block-image-custom\"><a href=\"https:\/\/howlab.i3a.es\/es\/antonio-bono-nuez\/\" ><img decoding=\"async\"  alt=\"team\"  src=\"https:\/\/howlab.i3a.es\/wp-content\/uploads\/2022\/03\/team.png\" \/><\/a><\/div><div class=\"ultp-block-content ultp-block-content-bottomPosition\"><div class=\"ultp-block-content-inner\"><h3 class=\"ultp-block-title\"><a href=\"https:\/\/howlab.i3a.es\/es\/antonio-bono-nuez\/\" >Antonio Bono Nuez<\/a><\/h3><\/div><\/div><\/div><\/div><div class=\"ultp-block-item post-id-5435\"><div class=\"ultp-block-content-wrap ultp-block-content-overlay\"><div class=\"ultp-block-image ultp-block-image-zoomIn ultp-block-image-overlay ultp-block-image-custom\"><a href=\"https:\/\/howlab.i3a.es\/es\/bonifacio-martin-del-brio\/\" ><img decoding=\"async\"  alt=\"team\"  src=\"https:\/\/howlab.i3a.es\/wp-content\/uploads\/2022\/03\/team.png\" \/><\/a><\/div><div class=\"ultp-block-content ultp-block-content-bottomPosition\"><div class=\"ultp-block-content-inner\"><h3 class=\"ultp-block-title\"><a href=\"https:\/\/howlab.i3a.es\/es\/bonifacio-martin-del-brio\/\" >Bonifacio Mart\u00edn del Br\u00edo<\/a><\/h3><\/div><\/div><\/div><\/div><div class=\"ultp-block-item post-id-5437\"><div class=\"ultp-block-content-wrap ultp-block-content-overlay\"><div class=\"ultp-block-image ultp-block-image-zoomIn ultp-block-image-overlay ultp-block-image-custom\"><a href=\"https:\/\/howlab.i3a.es\/es\/david-buldain-perez\/\" ><img decoding=\"async\"  alt=\"team\"  src=\"https:\/\/howlab.i3a.es\/wp-content\/uploads\/2022\/03\/team.png\" \/><\/a><\/div><div class=\"ultp-block-content ultp-block-content-bottomPosition\"><div class=\"ultp-block-content-inner\"><h3 class=\"ultp-block-title\"><a href=\"https:\/\/howlab.i3a.es\/es\/david-buldain-perez\/\" >David Buldain P\u00e9rez<\/a><\/h3><\/div><\/div><\/div><\/div><div class=\"ultp-block-item post-id-5439\"><div class=\"ultp-block-content-wrap ultp-block-content-overlay\"><div class=\"ultp-block-image ultp-block-image-zoomIn ultp-block-image-overlay ultp-block-image-custom\"><a href=\"https:\/\/howlab.i3a.es\/es\/elias-herrero-jaraba\/\" ><img decoding=\"async\"  alt=\"team\"  src=\"https:\/\/howlab.i3a.es\/wp-content\/uploads\/2022\/03\/team.png\" \/><\/a><\/div><div class=\"ultp-block-content ultp-block-content-bottomPosition\"><div class=\"ultp-block-content-inner\"><h3 class=\"ultp-block-title\"><a href=\"https:\/\/howlab.i3a.es\/es\/elias-herrero-jaraba\/\" >El\u00edas Herrero Jaraba<\/a><\/h3><\/div><\/div><\/div><\/div><div class=\"ultp-block-item post-id-5441\"><div class=\"ultp-block-content-wrap ultp-block-content-overlay\"><div class=\"ultp-block-image ultp-block-image-zoomIn ultp-block-image-overlay ultp-block-image-custom\"><a href=\"https:\/\/howlab.i3a.es\/es\/ignacio-martinez-ruiz\/\" ><img decoding=\"async\"  alt=\"Ignacio Mart\u00ednez Ruiz\"  src=\"https:\/\/howlab.i3a.es\/wp-content\/uploads\/2021\/04\/Foto-Ignacio-Martinez-Ruiz-582x570.jpg\" \/><\/a><\/div><div class=\"ultp-block-content ultp-block-content-bottomPosition\"><div class=\"ultp-block-content-inner\"><h3 class=\"ultp-block-title\"><a href=\"https:\/\/howlab.i3a.es\/es\/ignacio-martinez-ruiz\/\" >Ignacio Mart\u00ednez Ruiz<\/a><\/h3><\/div><\/div><\/div><\/div><div class=\"ultp-block-item post-id-5443\"><div class=\"ultp-block-content-wrap ultp-block-content-overlay\"><div class=\"ultp-block-image ultp-block-image-zoomIn ultp-block-image-overlay ultp-block-image-custom\"><a href=\"https:\/\/howlab.i3a.es\/es\/jorge-vizarraga-turmo\/\" ><img decoding=\"async\"  alt=\"Jorge Viz\u00e1rraga Turmo\"  src=\"https:\/\/howlab.i3a.es\/wp-content\/uploads\/2021\/04\/Foto-Jorge-Vizarraga-e1619105277926-870x570.jpg\" \/><\/a><\/div><div class=\"ultp-block-content ultp-block-content-bottomPosition\"><div class=\"ultp-block-content-inner\"><h3 class=\"ultp-block-title\"><a href=\"https:\/\/howlab.i3a.es\/es\/jorge-vizarraga-turmo\/\" >Jorge Viz\u00e1rraga Turmo<\/a><\/h3><\/div><\/div><\/div><\/div><div class=\"ultp-block-item post-id-5445\"><div class=\"ultp-block-content-wrap ultp-block-content-overlay\"><div class=\"ultp-block-image ultp-block-image-zoomIn ultp-block-image-overlay ultp-block-image-custom\"><a href=\"https:\/\/howlab.i3a.es\/es\/jose-maria-lopez-perez\/\" ><img decoding=\"async\"  alt=\"team\"  src=\"https:\/\/howlab.i3a.es\/wp-content\/uploads\/2022\/03\/team.png\" \/><\/a><\/div><div class=\"ultp-block-content ultp-block-content-bottomPosition\"><div class=\"ultp-block-content-inner\"><h3 class=\"ultp-block-title\"><a href=\"https:\/\/howlab.i3a.es\/es\/jose-maria-lopez-perez\/\" >Jos\u00e9 Mar\u00eda L\u00f3pez P\u00e9rez<\/a><\/h3><\/div><\/div><\/div><\/div><div class=\"ultp-block-item post-id-5447\"><div class=\"ultp-block-content-wrap ultp-block-content-overlay\"><div class=\"ultp-block-image ultp-block-image-zoomIn ultp-block-image-overlay ultp-block-image-custom\"><a href=\"https:\/\/howlab.i3a.es\/es\/luis-a-mizquez-corona\/\" ><img decoding=\"async\"  alt=\"Luis A. Mizquez Corona\"  src=\"https:\/\/howlab.i3a.es\/wp-content\/uploads\/2021\/04\/Foto-Luis-Antonio-Mizquez-Corona-e1619105248396.jpg\" \/><\/a><\/div><div class=\"ultp-block-content ultp-block-content-bottomPosition\"><div class=\"ultp-block-content-inner\"><h3 class=\"ultp-block-title\"><a href=\"https:\/\/howlab.i3a.es\/es\/luis-a-mizquez-corona\/\" >Luis A. Mizquez Corona<\/a><\/h3><\/div><\/div><\/div><\/div><div class=\"ultp-block-item post-id-5450\"><div class=\"ultp-block-content-wrap ultp-block-content-overlay\"><div class=\"ultp-block-image ultp-block-image-zoomIn ultp-block-image-overlay ultp-block-image-custom\"><a href=\"https:\/\/howlab.i3a.es\/es\/m-belen-calavia-ferrandez\/\" ><img decoding=\"async\"  alt=\"team\"  src=\"https:\/\/howlab.i3a.es\/wp-content\/uploads\/2022\/03\/team.png\" \/><\/a><\/div><div class=\"ultp-block-content ultp-block-content-bottomPosition\"><div class=\"ultp-block-content-inner\"><h3 class=\"ultp-block-title\"><a href=\"https:\/\/howlab.i3a.es\/es\/m-belen-calavia-ferrandez\/\" >M. Bel\u00e9n Calavia Ferr\u00e1ndez<\/a><\/h3><\/div><\/div><\/div><\/div><div class=\"ultp-block-item post-id-5452\"><div class=\"ultp-block-content-wrap ultp-block-content-overlay\"><div class=\"ultp-block-image ultp-block-image-zoomIn ultp-block-image-overlay ultp-block-image-custom\"><a href=\"https:\/\/howlab.i3a.es\/es\/marta-siguin-calvo\/\" ><img decoding=\"async\"  alt=\"Marta Sigu\u00edn Calvo\"  src=\"https:\/\/howlab.i3a.es\/wp-content\/uploads\/2021\/04\/Foto-Marta-Siguin-Calvo-e1619105613753-870x570.jpg\" \/><\/a><\/div><div class=\"ultp-block-content ultp-block-content-bottomPosition\"><div class=\"ultp-block-content-inner\"><h3 class=\"ultp-block-title\"><a href=\"https:\/\/howlab.i3a.es\/es\/marta-siguin-calvo\/\" >Marta Sigu\u00edn Calvo<\/a><\/h3><\/div><\/div><\/div><\/div><div class=\"ultp-block-item post-id-5455\"><div class=\"ultp-block-content-wrap ultp-block-content-overlay\"><div class=\"ultp-block-image ultp-block-image-zoomIn ultp-block-image-overlay ultp-block-image-custom\"><a href=\"https:\/\/howlab.i3a.es\/es\/roberto-casas-nebra\/\" ><img decoding=\"async\"  alt=\"Roberto Casas Nebra\"  src=\"https:\/\/howlab.i3a.es\/wp-content\/uploads\/2021\/04\/Roberto-Casas-Nebra-e1619462023260.jpg\" \/><\/a><\/div><div class=\"ultp-block-content ultp-block-content-bottomPosition\"><div class=\"ultp-block-content-inner\"><h3 class=\"ultp-block-title\"><a href=\"https:\/\/howlab.i3a.es\/es\/roberto-casas-nebra\/\" >Roberto Casas Nebra<\/a><\/h3><\/div><\/div><\/div><\/div><div class=\"ultp-block-item post-id-5457\"><div class=\"ultp-block-content-wrap ultp-block-content-overlay\"><div class=\"ultp-block-image ultp-block-image-zoomIn ultp-block-image-overlay ultp-block-image-custom\"><a href=\"https:\/\/howlab.i3a.es\/es\/teresa-blanco-bascuas\/\" ><img decoding=\"async\"  alt=\"Teresa Blanco Bascuas\"  src=\"https:\/\/howlab.i3a.es\/wp-content\/uploads\/2021\/04\/Foto-Teresa-Blanco-Bascuas.png\" \/><\/a><\/div><div class=\"ultp-block-content ultp-block-content-bottomPosition\"><div class=\"ultp-block-content-inner\"><h3 class=\"ultp-block-title\"><a href=\"https:\/\/howlab.i3a.es\/es\/teresa-blanco-bascuas\/\" >Teresa Blanco Bascuas<\/a><\/h3><\/div><\/div><\/div><\/div><\/div><\/div><div class=\"pagination-block-html\" aria-hidden=\"true\" style=\"display: none;\"><\/div><\/div>\n\n<div id=\"pl-gb198-69e7c44d4c9af\"  class=\"panel-layout\" ><div id=\"pg-gb198-69e7c44d4c9af-0\"  class=\"panel-grid panel-has-style\" ><div class=\"panel-row-style panel-row-style-for-gb198-69e7c44d4c9af-0\" ><div id=\"pgc-gb198-69e7c44d4c9af-0-0\"  class=\"panel-grid-cell\" ><div id=\"panel-gb198-69e7c44d4c9af-0-0-0\" class=\"so-panel widget widget_sow-editor panel-first-child panel-last-child\" data-index=\"0\" ><div class=\"panel-widget-style panel-widget-style-for-gb198-69e7c44d4c9af-0-0-0\" ><div\n\t\t\t\n\t\t\tclass=\"so-widget-sow-editor so-widget-sow-editor-base\"\n\t\t\t\n\t\t>\n<div class=\"siteorigin-widget-tinymce textwidget\">\n\t<\/div>\n<\/div><\/div><\/div><\/div><\/div><\/div><\/div>\n\n<div  class=\"ultp-post-grid-block wp-block-ultimate-post-post-grid-2 ultp-block-a80d0c\"><div class=\"ultp-block-wrapper\"><div class=\"ultp-loading\"><div class=\"ultp-loading-blocks\" style=\"width:100%;height:100%;\"><div style=\"left: 0;top: 0;animation-delay:0s;\"><\/div><div style=\"left: 21px;top: 0;animation-delay:0.125s;\"><\/div><div style=\"left: 42px;top: 0;animation-delay:0.25s;\"><\/div><div style=\"left: 0;top: 21px;animation-delay:0.875s;\"><\/div><div style=\"left: 42px;top: 21px;animation-delay:0.375s;\"><\/div><div style=\"left: 0;top: 42px;animation-delay:0.75s;\"><\/div><div style=\"left: 42px;top: 42px;animation-delay:0.625s;\"><\/div><div style=\"left: 21px;top: 42px;animation-delay:0.5s;\"><\/div><\/div><\/div><div class=\"ultp-heading-filter\"><div class=\"ultp-heading-filter-in\"><div class=\"ultp-heading-wrap ultp-heading-style1 ultp-heading-left\"><h2 class=\"ultp-heading-inner\"><span>Former members<\/span><\/h2><\/div><\/div><\/div><div class=\"ultp-block-items-wrap ultp-block-row\"><div class=\"ultp-block-item post-id-4884\"><div class=\"ultp-block-content-wrap ultp-block-content-overlay\"><div class=\"ultp-block-image ultp-block-image-zoomIn ultp-block-image-overlay ultp-block-image-custom\"><a href=\"https:\/\/howlab.i3a.es\/es\/belen-cebrian-martinez\/\" target=\"_blank\"><img decoding=\"async\"  alt=\"Bel\u00e9n Cebri\u00e1n Mart\u00ednez\"  src=\"https:\/\/howlab.i3a.es\/wp-content\/uploads\/2021\/04\/Foto-Belen-Cebrian-Martinez-scaled-e1619105365259-870x570.jpg\" \/><\/a><\/div><div class=\"ultp-block-content ultp-block-content-bottomPosition\"><div class=\"ultp-block-content-inner\"><h3 class=\"ultp-block-title\"><a href=\"https:\/\/howlab.i3a.es\/es\/belen-cebrian-martinez\/\" target=\"_blank\">Bel\u00e9n Cebri\u00e1n Mart\u00ednez<\/a><\/h3><\/div><\/div><\/div><\/div><div class=\"ultp-block-item post-id-4902\"><div class=\"ultp-block-content-wrap ultp-block-content-overlay\"><div class=\"ultp-block-image ultp-block-image-zoomIn ultp-block-image-overlay ultp-block-image-custom\"><a href=\"https:\/\/howlab.i3a.es\/es\/javier-sanchez-prieto\/\" target=\"_blank\"><img decoding=\"async\"  alt=\"team\"  src=\"https:\/\/howlab.i3a.es\/wp-content\/uploads\/2022\/03\/team.png\" \/><\/a><\/div><div class=\"ultp-block-content ultp-block-content-bottomPosition\"><div class=\"ultp-block-content-inner\"><h3 class=\"ultp-block-title\"><a href=\"https:\/\/howlab.i3a.es\/es\/javier-sanchez-prieto\/\" target=\"_blank\">Javier S\u00e1nchez Prieto<\/a><\/h3><\/div><\/div><\/div><\/div><\/div><\/div><div class=\"pagination-block-html\" aria-hidden=\"true\" style=\"display: none;\"><\/div><\/div>\n\n<div id=\"pl-gb198-69e7c44d4f346\"  class=\"panel-layout\" ><div id=\"pg-gb198-69e7c44d4f346-0\"  class=\"panel-grid panel-has-style\" ><div class=\"panel-row-style panel-row-style-for-gb198-69e7c44d4f346-0\" ><div id=\"pgc-gb198-69e7c44d4f346-0-0\"  class=\"panel-grid-cell\" ><div id=\"panel-gb198-69e7c44d4f346-0-0-0\" class=\"so-panel widget widget_sow-editor panel-first-child panel-last-child\" data-index=\"0\" ><div class=\"panel-widget-style panel-widget-style-for-gb198-69e7c44d4f346-0-0-0\" ><div\n\t\t\t\n\t\t\tclass=\"so-widget-sow-editor so-widget-sow-editor-base\"\n\t\t\t\n\t\t>\n<div class=\"siteorigin-widget-tinymce textwidget\">\n\t<\/div>\n<\/div><\/div><\/div><\/div><\/div><\/div><\/div>","protected":false},"excerpt":{"rendered":"","protected":false},"author":1,"featured_media":0,"parent":0,"menu_order":0,"comment_status":"closed","ping_status":"closed","template":"","meta":{"footnotes":""},"class_list":["post-198","page","type-page","status-publish"],"_links":{"self":[{"href":"https:\/\/howlab.i3a.es\/es\/wp-json\/wp\/v2\/pages\/198","targetHints":{"allow":["GET"]}}],"collection":[{"href":"https:\/\/howlab.i3a.es\/es\/wp-json\/wp\/v2\/pages"}],"about":[{"href":"https:\/\/howlab.i3a.es\/es\/wp-json\/wp\/v2\/types\/page"}],"author":[{"embeddable":true,"href":"https:\/\/howlab.i3a.es\/es\/wp-json\/wp\/v2\/users\/1"}],"replies":[{"embeddable":true,"href":"https:\/\/howlab.i3a.es\/es\/wp-json\/wp\/v2\/comments?post=198"}],"version-history":[{"count":40,"href":"https:\/\/howlab.i3a.es\/es\/wp-json\/wp\/v2\/pages\/198\/revisions"}],"predecessor-version":[{"id":5461,"href":"https:\/\/howlab.i3a.es\/es\/wp-json\/wp\/v2\/pages\/198\/revisions\/5461"}],"wp:attachment":[{"href":"https:\/\/howlab.i3a.es\/es\/wp-json\/wp\/v2\/media?parent=198"}],"curies":[{"name":"wp","href":"https:\/\/api.w.org\/{rel}","templated":true}]}}