{"id":2811,"date":"2020-08-28T08:15:07","date_gmt":"2020-08-28T06:15:07","guid":{"rendered":"https:\/\/afrodita.i3a.es\/?page_id=2811"},"modified":"2020-08-28T18:20:04","modified_gmt":"2020-08-28T16:20:04","slug":"enabling-technologies-for-the-internet-of-things","status":"publish","type":"page","link":"https:\/\/howlab.i3a.es\/es\/enabling-technologies-for-the-internet-of-things\/","title":{"rendered":"Tecnolog\u00edas habilitadoras del Internet de las Cosas"},"content":{"rendered":"<style type=\"text\/css\">@media only screen and (min-width: 1000px) and (max-width: 5000px){body.kc-css-system .kc-css-622651{width: 14.88%;}body.kc-css-system .kc-css-2745245{width: 85.1%;}}body.kc-css-system .kc-css-668995 i{font-size: 4em;}<\/style>\n<section class=\"kc-elm kc-css-2167952 kc_row\">\n<div class=\"kc-row-container  kc-container\">\n<div class=\"kc-wrap-columns\">\n<div class=\"kc-elm kc-css-255460 kc_col-sm-12 kc_column kc_col-sm-12\">\n<div class=\"kc-col-container\">\n<div class=\"kc-elm kc-css-4096817\" style=\"height: 30px; clear: both; width:100%;\"><\/div>\n<\/div>\n<\/div>\n<\/div>\n<\/div>\n<\/section>\n<section class=\"kc-elm kc-css-1638580 kc_row\">\n<div class=\"kc-row-container  kc-container\">\n<div class=\"kc-wrap-columns\">\n<div class=\"kc-elm kc-css-622651 kc_col-sm-2 kc_column kc_col-sm-2\">\n<div class=\"kc-col-container\">\n<div class=\"kc-elm kc-css-668995 kc-icon-wrapper\">\n\t\t<i class=\"ion-radio-waves\"><\/i>\n\t<\/div>\n<\/div>\n<\/div>\n<div class=\"kc-elm kc-css-2745245 kc_col-sm-10 kc_column kc_col-sm-10\">\n<div class=\"kc-col-container\">\n<div class=\"kc-elm kc-css-164269 kc_text_block\">\n<div class=\"kc-cta-desc\">\n<div class=\"kc-cta-text\">Con \u00e9nfasis en las tecnolog\u00edas de sensorizaci\u00f3n, bajo consumo y captaci\u00f3n de energ\u00eda del entorno, redes de comunicaciones inal\u00e1mbricas, tecnolog\u00edas de localizaci\u00f3n, inteligencia (machine learning y reconocimiento de patrones) en sistemas embebidos e infraestructuras edge\/cloud para IoT.<\/div>\n<\/div>\n<\/div>\n<\/div>\n<\/div>\n<\/div>\n<\/div>\n<\/section>\n<section class=\"kc-elm kc-css-2583492 kc_row\">\n<div class=\"kc-row-container  kc-container\">\n<div class=\"kc-wrap-columns\">\n<div class=\"kc-elm kc-css-2861137 kc_col-sm-12 kc_column kc_col-sm-12\">\n<div class=\"kc-col-container\">\n<div class=\"kc-elm kc-css-621588\" style=\"height: 30px; clear: both; width:100%;\"><\/div>\n<\/div>\n<\/div>\n<\/div>\n<\/div>\n<\/section>\n<section class=\"kc-elm kc-css-3695504 kc_row\">\n<div class=\"kc-row-container  kc-container\">\n<div class=\"kc-wrap-columns\">\n<div class=\"kc-elm kc-css-3921931 kc_col-sm-12 kc_column kc_col-sm-12\">\n<div class=\"kc-col-container\">\n<div class=\"kc-image-gallery kc-elm kc-css-2737882\">\n<div class=\"kc_image_gallery kc-carousel-image kc-grid\" data-image_masonry=\"yes\">\n<div class=\"item-grid grid-3\"><a class=\"kc-image-link kc-pretty-photo\" data-lightbox=\"kc-lightbox\" rel=\"kc-pretty-photo[35939044]\" href=\"https:\/\/howlab-dev.i3a.es\/wp-content\/uploads\/2018\/09\/ai-service-1.jpg\"><img decoding=\"async\" src=\"https:\/\/howlab-dev.i3a.es\/wp-content\/uploads\/2018\/09\/ai-service-1.jpg\" alt=\"\"\/><\/p>\n<div class=\"kc-image-overlay\"><i class=\"fa-plus\"><\/i><\/div>\n<p><\/a><\/div>\n<div class=\"item-grid grid-3\"><a class=\"kc-image-link kc-pretty-photo\" data-lightbox=\"kc-lightbox\" rel=\"kc-pretty-photo[35939044]\" href=\"https:\/\/howlab-dev.i3a.es\/wp-content\/uploads\/2018\/09\/ai-service-3.jpg\"><img decoding=\"async\" src=\"https:\/\/howlab-dev.i3a.es\/wp-content\/uploads\/2018\/09\/ai-service-3.jpg\" alt=\"\"\/><\/p>\n<div class=\"kc-image-overlay\"><i class=\"fa-plus\"><\/i><\/div>\n<p><\/a><\/div>\n<div class=\"item-grid grid-3\"><a class=\"kc-image-link kc-pretty-photo\" data-lightbox=\"kc-lightbox\" rel=\"kc-pretty-photo[35939044]\" href=\"https:\/\/afrodita.i3a.es\/wp-content\/uploads\/2020\/08\/smart-home.jpg\"><img decoding=\"async\" src=\"https:\/\/afrodita.i3a.es\/wp-content\/uploads\/2020\/08\/smart-home-1024x663.jpg\" alt=\"\"\/><\/p>\n<div class=\"kc-image-overlay\"><i class=\"fa-plus\"><\/i><\/div>\n<p><\/a><\/div>\n<\/div>\n<\/div>\n<\/div>\n<\/div>\n<\/div>\n<\/div>\n<\/section>\n<section class=\"kc-elm kc-css-25454 kc_row\">\n<div class=\"kc-row-container  kc-container\">\n<div class=\"kc-wrap-columns\">\n<div class=\"kc-elm kc-css-1816861 kc_col-sm-12 kc_column kc_col-sm-12\">\n<div class=\"kc-col-container\">\n<div class=\"kc-elm kc-css-3115036\" style=\"height: 30px; clear: both; width:100%;\"><\/div>\n<\/div>\n<\/div>\n<\/div>\n<\/div>\n<\/section>","protected":false},"excerpt":{"rendered":"<p>Con \u00e9nfasis en las tecnolog\u00edas de sensorizaci\u00f3n, bajo consumo y captaci\u00f3n de energ\u00eda del entorno, redes de comunicaciones inal\u00e1mbricas, tecnolog\u00edas de localizaci\u00f3n, inteligencia (machine learning y reconocimiento de patrones) en sistemas embebidos e infraestructuras edge\/cloud para IoT.<\/p>","protected":false},"author":1,"featured_media":2813,"parent":0,"menu_order":0,"comment_status":"closed","ping_status":"closed","template":"","meta":{"footnotes":""},"class_list":["post-2811","page","type-page","status-publish","has-post-thumbnail"],"_links":{"self":[{"href":"https:\/\/howlab.i3a.es\/es\/wp-json\/wp\/v2\/pages\/2811","targetHints":{"allow":["GET"]}}],"collection":[{"href":"https:\/\/howlab.i3a.es\/es\/wp-json\/wp\/v2\/pages"}],"about":[{"href":"https:\/\/howlab.i3a.es\/es\/wp-json\/wp\/v2\/types\/page"}],"author":[{"embeddable":true,"href":"https:\/\/howlab.i3a.es\/es\/wp-json\/wp\/v2\/users\/1"}],"replies":[{"embeddable":true,"href":"https:\/\/howlab.i3a.es\/es\/wp-json\/wp\/v2\/comments?post=2811"}],"version-history":[{"count":11,"href":"https:\/\/howlab.i3a.es\/es\/wp-json\/wp\/v2\/pages\/2811\/revisions"}],"predecessor-version":[{"id":2859,"href":"https:\/\/howlab.i3a.es\/es\/wp-json\/wp\/v2\/pages\/2811\/revisions\/2859"}],"wp:featuredmedia":[{"embeddable":true,"href":"https:\/\/howlab.i3a.es\/es\/wp-json\/wp\/v2\/media\/2813"}],"wp:attachment":[{"href":"https:\/\/howlab.i3a.es\/es\/wp-json\/wp\/v2\/media?parent=2811"}],"curies":[{"name":"wp","href":"https:\/\/api.w.org\/{rel}","templated":true}]}}