{"id":2861,"date":"2020-08-31T13:28:12","date_gmt":"2020-08-31T11:28:12","guid":{"rendered":"https:\/\/afrodita.i3a.es\/?page_id=2861"},"modified":"2023-11-23T11:55:56","modified_gmt":"2023-11-23T09:55:56","slug":"job-vacancies","status":"publish","type":"page","link":"https:\/\/howlab.i3a.es\/es\/job-vacancies\/","title":{"rendered":"Ofertas de empleo"},"content":{"rendered":"<p><style type=\"text\/css\">@media only screen and (min-width: 1000px) and (max-width: 5000px){body.kc-css-system .kc-css-1762508{width: 25%;}body.kc-css-system .kc-css-3389630{width: 25%;}body.kc-css-system .kc-css-668875{width: 25%;}body.kc-css-system .kc-css-1418942{width: 25%;}}body.kc-css-system .kc-css-1589034 .content-position{font-size: 0.9em;}body.kc-css-system .kc-css-1589034 .content-button a{color: #ffffff;background-color: #1e73be;}body.kc-css-system .kc-css-1589034{background: #edf2f6;padding: 20px 20px 20px 20px;}<\/style><\/p>\n\n\n<div id=\"pl-gb2861-69e7c5477d13b\"  class=\"panel-layout\" ><div id=\"pg-gb2861-69e7c5477d13b-0\"  class=\"panel-grid panel-has-style\" ><div class=\"siteorigin-panels-stretch panel-row-style panel-row-style-for-gb2861-69e7c5477d13b-0\" data-stretch-type=\"full-width-stretch\" ><div id=\"pgc-gb2861-69e7c5477d13b-0-0\"  class=\"panel-grid-cell\" ><div id=\"panel-gb2861-69e7c5477d13b-0-0-0\" class=\"so-panel widget widget_sow-hero panel-first-child panel-last-child\" data-index=\"0\" ><div\n\t\t\t\n\t\t\tclass=\"so-widget-sow-hero so-widget-sow-hero-default-93415d0e2dbf-2861 so-widget-fittext-wrapper\"\n\t\t\t data-fit-text-compressor=\"0.85\"\n\t\t>\t\t\t\t<div class=\"sow-slider-base\" style=\"display: none\" tabindex=\"0\">\n\t\t\t\t\t<ul\n\t\t\t\t\tclass=\"sow-slider-images\"\n\t\t\t\t\tdata-settings=\"{&quot;pagination&quot;:true,&quot;speed&quot;:800,&quot;timeout&quot;:8000,&quot;paused&quot;:false,&quot;pause_on_hover&quot;:false,&quot;swipe&quot;:true,&quot;nav_always_show_desktop&quot;:&quot;&quot;,&quot;nav_always_show_mobile&quot;:&quot;&quot;,&quot;breakpoint&quot;:&quot;780px&quot;,&quot;unmute&quot;:false,&quot;anchor&quot;:null}\"\n\t\t\t\t\t\t\t\t\t\tdata-anchor-id=\"\"\n\t\t\t\t>\t\t<li class=\"sow-slider-image  sow-slider-image-cover\" style=\"visibility: visible;;background-color: #1e73be;background-image: url(https:\/\/howlab.i3a.es\/wp-content\/uploads\/2021\/04\/Banner1.png)\" >\n\t\t\t\t\t<div class=\"sow-slider-image-container\">\n\t\t\t<div class=\"sow-slider-image-wrapper\">\n\t\t\t\t<h1 style=\"text-align: center\"><strong>Ofertas de empleo<\/strong><\/h1>\n\t\t\t<\/div>\n\t\t<\/div>\n\t\t\t\t<\/li>\n\t\t<\/ul>\t\t\t\t<ol class=\"sow-slider-pagination\">\n\t\t\t\t\t\t\t\t\t\t\t<li><a href=\"#\" data-goto=\"0\" aria-label=\"mostrar diapositiva 1\"><\/a><\/li>\n\t\t\t\t\t\t\t\t\t<\/ol>\n\n\t\t\t\t<div class=\"sow-slide-nav sow-slide-nav-next\">\n\t\t\t\t\t<a href=\"#\" data-goto=\"next\" aria-label=\"diapositiva siguiente\" data-action=\"next\">\n\t\t\t\t\t\t<em class=\"sow-sld-icon-thin-right\"><\/em>\n\t\t\t\t\t<\/a>\n\t\t\t\t<\/div>\n\n\t\t\t\t<div class=\"sow-slide-nav sow-slide-nav-prev\">\n\t\t\t\t\t<a href=\"#\" data-goto=\"previous\" aria-label=\"diapositiva anterior\" data-action=\"prev\">\n\t\t\t\t\t\t<em class=\"sow-sld-icon-thin-left\"><\/em>\n\t\t\t\t\t<\/a>\n\t\t\t\t<\/div>\n\t\t\t\t<\/div><\/div><\/div><\/div><\/div><\/div><\/div>\n\n<div id=\"pl-gb2861-69e7c5477df9d\"  class=\"panel-layout\" ><div id=\"pg-gb2861-69e7c5477df9d-0\"  class=\"panel-grid panel-no-style\" ><div id=\"pgc-gb2861-69e7c5477df9d-0-0\"  class=\"panel-grid-cell\" ><div id=\"panel-gb2861-69e7c5477df9d-0-0-0\" class=\"so-panel widget widget_sow-editor panel-first-child panel-last-child\" data-index=\"0\" ><div\n\t\t\t\n\t\t\tclass=\"so-widget-sow-editor so-widget-sow-editor-base\"\n\t\t\t\n\t\t>\n<div class=\"siteorigin-widget-tinymce textwidget\">\n\t<section class=\"kc-elm kc-css-245510 kc_row\">\n<div class=\"kc-row-container  kc-container\">\n<div class=\"kc-wrap-columns\">\n<div class=\"kc-elm kc-css-313430 kc_col-sm-12 kc_column kc_col-sm-12\">\n<div class=\"kc-col-container\">\n<div class=\"kc-elm kc-css-642721 kc_text_block\">\n<p>\u00bfEres estudiante o egresado de alguna ingenier\u00eda? Si est\u00e1s interesado en realizar con nosotros el Trabajo Fin de Grado o el Trabajo Fin de M\u00e1ster, tu Tesis o unas pr\u00e1cticas, m\u00e1ndanos un correo cont\u00e1ndonos un poco m\u00e1s de ti y de tus intereses a\u00a0<a href=\"mailto:info_howlab@unizar.es\">info_howlab@unizar.es<\/a><\/p>\n<\/div>\n<\/div>\n<\/div>\n<\/div>\n<\/div>\n<\/section>\n<\/div>\n<\/div><\/div><\/div><\/div><div id=\"pg-gb2861-69e7c5477df9d-1\"  class=\"panel-grid panel-no-style\" ><div id=\"pgc-gb2861-69e7c5477df9d-1-0\"  class=\"panel-grid-cell panel-grid-cell-empty\" ><\/div><div id=\"pgc-gb2861-69e7c5477df9d-1-1\"  class=\"panel-grid-cell\" ><div id=\"panel-gb2861-69e7c5477df9d-1-1-0\" class=\"so-panel widget widget_sow-button panel-first-child panel-last-child\" data-index=\"1\" ><div\n\t\t\t\n\t\t\tclass=\"so-widget-sow-button so-widget-sow-button-flat-b1fd5fd40357-2861\"\n\t\t\t\n\t\t><div class=\"ow-button-base ow-button-align-center\"\n>\n\t\t\t<a\n\t\t\t\t\thref=\"https:\/\/howlab.i3a.es\/es\/final-degree-works\/\"\n\t\t\t\t\tclass=\"sowb-button ow-icon-placement-left ow-button-hover\" \t>\n\t\t<span>\n\t\t\t\n\t\t\tFinal Degree Works\t\t<\/span>\n\t\t\t<\/a>\n\t<\/div>\n<\/div><\/div><\/div><div id=\"pgc-gb2861-69e7c5477df9d-1-2\"  class=\"panel-grid-cell panel-grid-cell-mobile-last\" ><div id=\"panel-gb2861-69e7c5477df9d-1-2-0\" class=\"so-panel widget widget_sow-button panel-first-child panel-last-child\" data-index=\"2\" ><div\n\t\t\t\n\t\t\tclass=\"so-widget-sow-button so-widget-sow-button-flat-b1fd5fd40357-2861\"\n\t\t\t\n\t\t><div class=\"ow-button-base ow-button-align-center\"\n>\n\t\t\t<a\n\t\t\t\t\thref=\"https:\/\/howlab.i3a.es\/es\/phd-thesis\/\"\n\t\t\t\t\tclass=\"sowb-button ow-icon-placement-left ow-button-hover\" \t>\n\t\t<span>\n\t\t\t\n\t\t\tPhD Thesis\t\t<\/span>\n\t\t\t<\/a>\n\t<\/div>\n<\/div><\/div><\/div><div id=\"pgc-gb2861-69e7c5477df9d-1-3\"  class=\"panel-grid-cell panel-grid-cell-empty\" ><\/div><\/div><\/div>","protected":false},"excerpt":{"rendered":"","protected":false},"author":1,"featured_media":0,"parent":0,"menu_order":0,"comment_status":"closed","ping_status":"closed","template":"","meta":{"footnotes":""},"class_list":["post-2861","page","type-page","status-publish"],"_links":{"self":[{"href":"https:\/\/howlab.i3a.es\/es\/wp-json\/wp\/v2\/pages\/2861","targetHints":{"allow":["GET"]}}],"collection":[{"href":"https:\/\/howlab.i3a.es\/es\/wp-json\/wp\/v2\/pages"}],"about":[{"href":"https:\/\/howlab.i3a.es\/es\/wp-json\/wp\/v2\/types\/page"}],"author":[{"embeddable":true,"href":"https:\/\/howlab.i3a.es\/es\/wp-json\/wp\/v2\/users\/1"}],"replies":[{"embeddable":true,"href":"https:\/\/howlab.i3a.es\/es\/wp-json\/wp\/v2\/comments?post=2861"}],"version-history":[{"count":22,"href":"https:\/\/howlab.i3a.es\/es\/wp-json\/wp\/v2\/pages\/2861\/revisions"}],"predecessor-version":[{"id":5469,"href":"https:\/\/howlab.i3a.es\/es\/wp-json\/wp\/v2\/pages\/2861\/revisions\/5469"}],"wp:attachment":[{"href":"https:\/\/howlab.i3a.es\/es\/wp-json\/wp\/v2\/media?parent=2861"}],"curies":[{"name":"wp","href":"https:\/\/api.w.org\/{rel}","templated":true}]}}