{"id":5329,"date":"2023-11-13T14:41:52","date_gmt":"2023-11-13T12:41:52","guid":{"rendered":"https:\/\/howlab-dev.i3a.es\/?page_id=5329"},"modified":"2023-11-13T14:49:15","modified_gmt":"2023-11-13T12:49:15","slug":"spin-offs","status":"publish","type":"page","link":"https:\/\/howlab.i3a.es\/es\/spin-offs\/","title":{"rendered":"Spin-Offs"},"content":{"rendered":"<div id=\"pl-gb5329-69deae6f77d76\"  class=\"panel-layout\" ><div id=\"pg-gb5329-69deae6f77d76-0\"  class=\"panel-grid panel-has-style\" ><div class=\"siteorigin-panels-stretch panel-row-style panel-row-style-for-gb5329-69deae6f77d76-0\" data-stretch-type=\"full-width-stretch\" ><div id=\"pgc-gb5329-69deae6f77d76-0-0\"  class=\"panel-grid-cell\" ><div id=\"panel-gb5329-69deae6f77d76-0-0-0\" class=\"so-panel widget widget_sow-hero panel-first-child panel-last-child\" data-index=\"0\" ><div\n\t\t\t\n\t\t\tclass=\"so-widget-sow-hero so-widget-sow-hero-default-93415d0e2dbf-5329 so-widget-fittext-wrapper\"\n\t\t\t data-fit-text-compressor=\"0.85\"\n\t\t>\t\t\t\t<div class=\"sow-slider-base\" style=\"display: none\" tabindex=\"0\">\n\t\t\t\t\t<ul\n\t\t\t\t\tclass=\"sow-slider-images\"\n\t\t\t\t\tdata-settings=\"{&quot;pagination&quot;:true,&quot;speed&quot;:800,&quot;timeout&quot;:8000,&quot;paused&quot;:false,&quot;pause_on_hover&quot;:false,&quot;swipe&quot;:true,&quot;nav_always_show_desktop&quot;:&quot;&quot;,&quot;nav_always_show_mobile&quot;:&quot;&quot;,&quot;breakpoint&quot;:&quot;780px&quot;,&quot;unmute&quot;:false,&quot;anchor&quot;:null}\"\n\t\t\t\t\t\t\t\t\t\tdata-anchor-id=\"\"\n\t\t\t\t>\t\t<li class=\"sow-slider-image  sow-slider-image-cover\" style=\"visibility: visible;;background-color: #333333;background-image: url(https:\/\/howlab.i3a.es\/wp-content\/uploads\/2021\/04\/Banner1.png)\" >\n\t\t\t\t\t<div class=\"sow-slider-image-container\">\n\t\t\t<div class=\"sow-slider-image-wrapper\">\n\t\t\t\t<h1 style=\"text-align: center\"><strong>Spin-Offs<\/strong><\/h1>\t\t\t<\/div>\n\t\t<\/div>\n\t\t\t\t<\/li>\n\t\t<\/ul>\t\t\t\t<ol class=\"sow-slider-pagination\">\n\t\t\t\t\t\t\t\t\t\t\t<li><a href=\"#\" data-goto=\"0\" aria-label=\"mostrar diapositiva 1\"><\/a><\/li>\n\t\t\t\t\t\t\t\t\t<\/ol>\n\n\t\t\t\t<div class=\"sow-slide-nav sow-slide-nav-next\">\n\t\t\t\t\t<a href=\"#\" data-goto=\"next\" aria-label=\"diapositiva siguiente\" data-action=\"next\">\n\t\t\t\t\t\t<em class=\"sow-sld-icon-thin-right\"><\/em>\n\t\t\t\t\t<\/a>\n\t\t\t\t<\/div>\n\n\t\t\t\t<div class=\"sow-slide-nav sow-slide-nav-prev\">\n\t\t\t\t\t<a href=\"#\" data-goto=\"previous\" aria-label=\"diapositiva anterior\" data-action=\"prev\">\n\t\t\t\t\t\t<em class=\"sow-sld-icon-thin-left\"><\/em>\n\t\t\t\t\t<\/a>\n\t\t\t\t<\/div>\n\t\t\t\t<\/div><\/div><\/div><\/div><\/div><\/div><\/div>\n\n<div id=\"pl-gb5329-69deae6f7908c\"  class=\"panel-layout\" ><div id=\"pg-gb5329-69deae6f7908c-0\"  class=\"panel-grid panel-no-style\" ><div id=\"pgc-gb5329-69deae6f7908c-0-0\"  class=\"panel-grid-cell\" ><div id=\"panel-gb5329-69deae6f7908c-0-0-0\" class=\"so-panel widget widget_sow-editor panel-first-child panel-last-child\" data-index=\"0\" ><div\n\t\t\t\n\t\t\tclass=\"so-widget-sow-editor so-widget-sow-editor-base\"\n\t\t\t\n\t\t>\n<div class=\"siteorigin-widget-tinymce textwidget\">\n\t<section class=\"kc-elm kc-css-19960 kc_row\">\n<div class=\"kc-row-container  kc-container\">\n<div class=\"kc-wrap-columns\">\n<div class=\"kc-elm kc-css-28279 kc_col-sm-12 kc_column kc_col-sm-12\">\n<div class=\"kc-col-container\">\n<div class=\"kc-elm kc-css-451587 kc_text_block\">\n<p>Spin-Offs promoted by group personnel. We believe and practice entrepreneurship by means of\u00a0<b>promotion of university spinoff companies\u00a0<\/b>based on the exploitation of new processes, products or services generated from our knowledge acquired.<\/p>\n<\/div>\n<\/div>\n<\/div>\n<\/div>\n<\/div>\n<\/section>\n<\/div>\n<\/div><\/div><\/div><\/div><div id=\"pg-gb5329-69deae6f7908c-1\"  class=\"panel-grid panel-no-style\" ><div id=\"pgc-gb5329-69deae6f7908c-1-0\"  class=\"panel-grid-cell\" ><div id=\"panel-gb5329-69deae6f7908c-1-0-0\" class=\"so-panel widget widget_sow-headline panel-first-child panel-last-child\" data-index=\"1\" ><div\n\t\t\t\n\t\t\tclass=\"so-widget-sow-headline so-widget-sow-headline-default-638da96daf19-5329\"\n\t\t\t\n\t\t><div class=\"sow-headline-container\">\n\t\t\t\t\t\t\t<h2 class=\"sow-headline\">\n\t\t\t\t\t\th2\u00ef Analytics\t\t\t\t\t\t<\/h2>\n\t\t\t\t\t\t\t\t\t\t\t<div class=\"decoration\">\n\t\t\t\t\t\t<div class=\"decoration-inside\"><\/div>\n\t\t\t\t\t<\/div>\n\t\t\t\t\t<\/div>\n<\/div><\/div><\/div><\/div><div id=\"pg-gb5329-69deae6f7908c-2\"  class=\"panel-grid panel-no-style\" ><div id=\"pgc-gb5329-69deae6f7908c-2-0\"  class=\"panel-grid-cell\" ><div id=\"panel-gb5329-69deae6f7908c-2-0-0\" class=\"so-panel widget widget_sow-image panel-first-child panel-last-child\" data-index=\"2\" ><div\n\t\t\t\n\t\t\tclass=\"so-widget-sow-image so-widget-sow-image-default-8b5b6f678277-5329\"\n\t\t\t\n\t\t>\n<div class=\"sow-image-container\">\n\t\t<img \n\tsrc=\"https:\/\/howlab.i3a.es\/wp-content\/uploads\/2021\/04\/Logo-Nuevoh2i.png\" width=\"2269\" height=\"1135\" srcset=\"https:\/\/howlab.i3a.es\/wp-content\/uploads\/2021\/04\/Logo-Nuevoh2i.png 2269w, https:\/\/howlab.i3a.es\/wp-content\/uploads\/2021\/04\/Logo-Nuevoh2i-300x150.png 300w, https:\/\/howlab.i3a.es\/wp-content\/uploads\/2021\/04\/Logo-Nuevoh2i-1024x512.png 1024w, https:\/\/howlab.i3a.es\/wp-content\/uploads\/2021\/04\/Logo-Nuevoh2i-768x384.png 768w, https:\/\/howlab.i3a.es\/wp-content\/uploads\/2021\/04\/Logo-Nuevoh2i-1536x768.png 1536w, https:\/\/howlab.i3a.es\/wp-content\/uploads\/2021\/04\/Logo-Nuevoh2i-2048x1024.png 2048w, https:\/\/howlab.i3a.es\/wp-content\/uploads\/2021\/04\/Logo-Nuevoh2i-18x9.png 18w\" sizes=\"(max-width: 2269px) 100vw, 2269px\" alt=\"\" \t\tclass=\"so-widget-image\"\/>\n\t<\/div>\n\n<\/div><\/div><\/div><div id=\"pgc-gb5329-69deae6f7908c-2-1\"  class=\"panel-grid-cell\" ><div id=\"panel-gb5329-69deae6f7908c-2-1-0\" class=\"so-panel widget widget_sow-editor panel-first-child panel-last-child\" data-index=\"3\" ><div\n\t\t\t\n\t\t\tclass=\"so-widget-sow-editor so-widget-sow-editor-base\"\n\t\t\t\n\t\t>\n<div class=\"siteorigin-widget-tinymce textwidget\">\n\t<ul>\n<li><strong>\u00c1rea de aplicaci\u00f3n<\/strong>: Smart Territories<\/li>\n<li><strong>A\u00f1o de creaci\u00f3n<\/strong>: 2020<\/li>\n<li><strong>Sitio web<\/strong>:\u00a0<a href=\"https:\/\/hdosi.es\/\" target=\"_blank\" rel=\"noopener\">https:\/\/hdosi.es\/<\/a><\/li>\n<li><strong>Persona de contacto<\/strong>:\u00a0<a href=\"https:\/\/howlab.i3a.es\/es\/team\/roberto-casas-nebra\/\" target=\"_blank\" rel=\"noopener\">Roberto Casas Nebra<\/a><\/li>\n<\/ul>\n<\/div>\n<\/div><\/div><\/div><div id=\"pgc-gb5329-69deae6f7908c-2-2\"  class=\"panel-grid-cell\" ><div id=\"panel-gb5329-69deae6f7908c-2-2-0\" class=\"so-panel widget widget_sow-editor panel-first-child panel-last-child\" data-index=\"4\" ><div\n\t\t\t\n\t\t\tclass=\"so-widget-sow-editor so-widget-sow-editor-base\"\n\t\t\t\n\t\t>\n<div class=\"siteorigin-widget-tinymce textwidget\">\n\t<p>h2\u00ef Analytics\u00a0est\u00e1 especializada en herramientas de simulaci\u00f3n hidrol\u00f3gica e hidrogeol\u00f3gica, plataformas de simulaci\u00f3n en la nube e inteligencia artificial. Aportan una soluci\u00f3n integrada por tecnolog\u00edas de monitoreo en tiempo real mediante redes sensoriales y su procesamiento mediante herramientas IoT avanzadas de explotaci\u00f3n de los datos. El objetivo es obtener el m\u00e1ximo partido a los datos y la experiencia previa disponible para mejorar la seguridad h\u00eddrica de la explotaci\u00f3n.<\/p>\n<p>Formada por un equipo multidisciplinar de hidroge\u00f3logos, ingenieros e inform\u00e1ticos especializados en el \u00e1mbito de la explotaci\u00f3n de recursos h\u00eddricos, entre los que se encuentran varios miembros del Grupo Howlab del I3A.<\/p>\n<p>h2\u00ef Analytics recibi\u00f3 el Premio al Mejor Proyecto SpinUP de la Universidad de Zaragoza 2o2o.\u00a0<a href=\"https:\/\/i3a.unizar.es\/es\/noticias\/el-proyecto-h2i-analytics-recibe-el-premio-al-mejor-proyecto-spinup-de-la-universidad-de\">M\u00e1s informaci\u00f3n.<\/a><\/p>\n<\/div>\n<\/div><\/div><\/div><\/div><div id=\"pg-gb5329-69deae6f7908c-3\"  class=\"panel-grid panel-no-style\" ><div id=\"pgc-gb5329-69deae6f7908c-3-0\"  class=\"panel-grid-cell\" ><div id=\"panel-gb5329-69deae6f7908c-3-0-0\" class=\"so-panel widget widget_sow-headline panel-first-child panel-last-child\" data-index=\"5\" ><div\n\t\t\t\n\t\t\tclass=\"so-widget-sow-headline so-widget-sow-headline-default-638da96daf19-5329\"\n\t\t\t\n\t\t><div class=\"sow-headline-container\">\n\t\t\t\t\t\t\t<h2 class=\"sow-headline\">\n\t\t\t\t\t\tGrowin\t\t\t\t\t\t<\/h2>\n\t\t\t\t\t\t\t\t\t\t\t<div class=\"decoration\">\n\t\t\t\t\t\t<div class=\"decoration-inside\"><\/div>\n\t\t\t\t\t<\/div>\n\t\t\t\t\t<\/div>\n<\/div><\/div><\/div><\/div><div id=\"pg-gb5329-69deae6f7908c-4\"  class=\"panel-grid panel-no-style\" ><div id=\"pgc-gb5329-69deae6f7908c-4-0\"  class=\"panel-grid-cell\" ><div id=\"panel-gb5329-69deae6f7908c-4-0-0\" class=\"so-panel widget widget_sow-image panel-first-child panel-last-child\" data-index=\"6\" ><div\n\t\t\t\n\t\t\tclass=\"so-widget-sow-image so-widget-sow-image-default-8b5b6f678277-5329\"\n\t\t\t\n\t\t>\n<div class=\"sow-image-container\">\n\t\t<img \n\tsrc=\"https:\/\/howlab.i3a.es\/wp-content\/uploads\/2021\/04\/Logo-Growin@4x-2.png\" width=\"2268\" height=\"1135\" srcset=\"https:\/\/howlab.i3a.es\/wp-content\/uploads\/2021\/04\/Logo-Growin@4x-2.png 2268w, https:\/\/howlab.i3a.es\/wp-content\/uploads\/2021\/04\/Logo-Growin@4x-2-300x150.png 300w, https:\/\/howlab.i3a.es\/wp-content\/uploads\/2021\/04\/Logo-Growin@4x-2-1024x512.png 1024w, https:\/\/howlab.i3a.es\/wp-content\/uploads\/2021\/04\/Logo-Growin@4x-2-768x384.png 768w, https:\/\/howlab.i3a.es\/wp-content\/uploads\/2021\/04\/Logo-Growin@4x-2-1536x769.png 1536w, https:\/\/howlab.i3a.es\/wp-content\/uploads\/2021\/04\/Logo-Growin@4x-2-2048x1025.png 2048w, https:\/\/howlab.i3a.es\/wp-content\/uploads\/2021\/04\/Logo-Growin@4x-2-18x9.png 18w\" sizes=\"(max-width: 2268px) 100vw, 2268px\" title=\"Logo-Growin@4x\" alt=\"\" \t\tclass=\"so-widget-image\"\/>\n\t<\/div>\n\n<\/div><\/div><\/div><div id=\"pgc-gb5329-69deae6f7908c-4-1\"  class=\"panel-grid-cell\" ><div id=\"panel-gb5329-69deae6f7908c-4-1-0\" class=\"so-panel widget widget_sow-editor panel-first-child panel-last-child\" data-index=\"7\" ><div\n\t\t\t\n\t\t\tclass=\"so-widget-sow-editor so-widget-sow-editor-base\"\n\t\t\t\n\t\t>\n<div class=\"siteorigin-widget-tinymce textwidget\">\n\t<ul>\n<li><strong>\u00c1rea de aplicaci\u00f3n<\/strong>: Quality of life<\/li>\n<li><strong>A\u00f1o de creaci\u00f3n<\/strong>: 2016<\/li>\n<li><strong>Sitio web<\/strong>:\u00a0<a href=\"https:\/\/www.growin.online\/en\/\" target=\"_blank\" rel=\"noopener\">https:\/\/www.growin.online\/en\/<\/a><\/li>\n<li><strong>Persona de contacto<\/strong>:\u00a0<a href=\"https:\/\/howlab.i3a.es\/es\/team\/ignacio-martinez-ruiz\/\">Ignacio Mart\u00ednez Ruiz<\/a><\/li>\n<\/ul>\n<\/div>\n<\/div><\/div><\/div><div id=\"pgc-gb5329-69deae6f7908c-4-2\"  class=\"panel-grid-cell\" ><div id=\"panel-gb5329-69deae6f7908c-4-2-0\" class=\"so-panel widget widget_sow-editor panel-first-child panel-last-child\" data-index=\"8\" ><div\n\t\t\t\n\t\t\tclass=\"so-widget-sow-editor so-widget-sow-editor-base\"\n\t\t\t\n\t\t>\n<div class=\"siteorigin-widget-tinymce textwidget\">\n\t<p><strong>Growin\u00a0<\/strong>es un ecosistema de\u00a0<strong>salud digital\u00a0<\/strong><strong>3P:\u00a0<\/strong><strong>Pediatr\u00eda<\/strong>, porque proporciona herramientas tecnol\u00f3gicas y entornos gamificados para empoderar a las familias y a los profesionales sobre percentiles de crecimiento y gr\u00e1ficas interactivas (peso, talla, IMC, per\u00edmetro abdominal, etc.) con la garant\u00eda las dos Asociaciones Espa\u00f1olas de Pediatr\u00eda;\u00a0<strong>Predicci\u00f3n<\/strong>, porque se basa en avanzados algoritmos de investigaci\u00f3n con m\u00e1s de un 95% de acierto de predicci\u00f3n como resultado de 20 a\u00f1os de an\u00e1lisis a 350 ni\u00f1as y ni\u00f1os en un Estudio Cient\u00edfico Longitudinal \u00fanico en el mundo, trabajando conjuntamente con las principales instituciones sanitarias y de investigaci\u00f3n en Arag\u00f3n;\u00a0<strong>y Prevenci\u00f3n<\/strong>, porque implementa un motor de inteligencia artificial que permite tomar decisiones basada en datos para identificar a tiempo problemas de obesidad y anomal\u00edas en el crecimiento y ofrecer consejos personalizados sobre nutrici\u00f3n, ejercicio f\u00edsico y h\u00e1bitos de vida saludables.<\/p>\n<\/div>\n<\/div><\/div><\/div><\/div><\/div>","protected":false},"excerpt":{"rendered":"","protected":false},"author":1,"featured_media":0,"parent":0,"menu_order":0,"comment_status":"closed","ping_status":"closed","template":"","meta":{"footnotes":""},"class_list":["post-5329","page","type-page","status-publish"],"_links":{"self":[{"href":"https:\/\/howlab.i3a.es\/es\/wp-json\/wp\/v2\/pages\/5329","targetHints":{"allow":["GET"]}}],"collection":[{"href":"https:\/\/howlab.i3a.es\/es\/wp-json\/wp\/v2\/pages"}],"about":[{"href":"https:\/\/howlab.i3a.es\/es\/wp-json\/wp\/v2\/types\/page"}],"author":[{"embeddable":true,"href":"https:\/\/howlab.i3a.es\/es\/wp-json\/wp\/v2\/users\/1"}],"replies":[{"embeddable":true,"href":"https:\/\/howlab.i3a.es\/es\/wp-json\/wp\/v2\/comments?post=5329"}],"version-history":[{"count":5,"href":"https:\/\/howlab.i3a.es\/es\/wp-json\/wp\/v2\/pages\/5329\/revisions"}],"predecessor-version":[{"id":5337,"href":"https:\/\/howlab.i3a.es\/es\/wp-json\/wp\/v2\/pages\/5329\/revisions\/5337"}],"wp:attachment":[{"href":"https:\/\/howlab.i3a.es\/es\/wp-json\/wp\/v2\/media?parent=5329"}],"curies":[{"name":"wp","href":"https:\/\/api.w.org\/{rel}","templated":true}]}}