{"id":5346,"date":"2023-11-13T15:18:55","date_gmt":"2023-11-13T13:18:55","guid":{"rendered":"https:\/\/howlab-dev.i3a.es\/?page_id=5346"},"modified":"2023-11-20T12:07:00","modified_gmt":"2023-11-20T10:07:00","slug":"technology-transfer","status":"publish","type":"page","link":"https:\/\/howlab.i3a.es\/es\/technology-transfer\/","title":{"rendered":"Technology transfer"},"content":{"rendered":"<div id=\"pl-gb5346-69de8b265b742\"  class=\"panel-layout\" ><div id=\"pg-gb5346-69de8b265b742-0\"  class=\"panel-grid panel-has-style\" ><div class=\"siteorigin-panels-stretch panel-row-style panel-row-style-for-gb5346-69de8b265b742-0\" data-stretch-type=\"full-width-stretch\" ><div id=\"pgc-gb5346-69de8b265b742-0-0\"  class=\"panel-grid-cell\" ><div id=\"panel-gb5346-69de8b265b742-0-0-0\" class=\"so-panel widget widget_sow-hero panel-first-child panel-last-child\" data-index=\"0\" ><div\n\t\t\t\n\t\t\tclass=\"so-widget-sow-hero so-widget-sow-hero-default-93415d0e2dbf-5346 so-widget-fittext-wrapper\"\n\t\t\t data-fit-text-compressor=\"0.85\"\n\t\t>\t\t\t\t<div class=\"sow-slider-base\" style=\"display: none\" tabindex=\"0\">\n\t\t\t\t\t<ul\n\t\t\t\t\tclass=\"sow-slider-images\"\n\t\t\t\t\tdata-settings=\"{&quot;pagination&quot;:true,&quot;speed&quot;:800,&quot;timeout&quot;:8000,&quot;paused&quot;:false,&quot;pause_on_hover&quot;:false,&quot;swipe&quot;:true,&quot;nav_always_show_desktop&quot;:&quot;&quot;,&quot;nav_always_show_mobile&quot;:&quot;&quot;,&quot;breakpoint&quot;:&quot;780px&quot;,&quot;unmute&quot;:false,&quot;anchor&quot;:null}\"\n\t\t\t\t\t\t\t\t\t\tdata-anchor-id=\"\"\n\t\t\t\t>\t\t<li class=\"sow-slider-image  sow-slider-image-cover\" style=\"visibility: visible;;background-color: #333333;background-image: url(https:\/\/howlab.i3a.es\/wp-content\/uploads\/2021\/04\/Banner1.png)\" >\n\t\t\t\t\t<div class=\"sow-slider-image-container\">\n\t\t\t<div class=\"sow-slider-image-wrapper\">\n\t\t\t\t<h1 style=\"text-align: center\"><strong>Technology transfer<\/strong><\/h1>\t\t\t<\/div>\n\t\t<\/div>\n\t\t\t\t<\/li>\n\t\t<\/ul>\t\t\t\t<ol class=\"sow-slider-pagination\">\n\t\t\t\t\t\t\t\t\t\t\t<li><a href=\"#\" data-goto=\"0\" aria-label=\"mostrar diapositiva 1\"><\/a><\/li>\n\t\t\t\t\t\t\t\t\t<\/ol>\n\n\t\t\t\t<div class=\"sow-slide-nav sow-slide-nav-next\">\n\t\t\t\t\t<a href=\"#\" data-goto=\"next\" aria-label=\"diapositiva siguiente\" data-action=\"next\">\n\t\t\t\t\t\t<em class=\"sow-sld-icon-thin-right\"><\/em>\n\t\t\t\t\t<\/a>\n\t\t\t\t<\/div>\n\n\t\t\t\t<div class=\"sow-slide-nav sow-slide-nav-prev\">\n\t\t\t\t\t<a href=\"#\" data-goto=\"previous\" aria-label=\"diapositiva anterior\" data-action=\"prev\">\n\t\t\t\t\t\t<em class=\"sow-sld-icon-thin-left\"><\/em>\n\t\t\t\t\t<\/a>\n\t\t\t\t<\/div>\n\t\t\t\t<\/div><\/div><\/div><\/div><\/div><\/div><\/div>\n\n<div id=\"pl-gb5346-69de8b265c479\"  class=\"panel-layout\" ><div id=\"pg-gb5346-69de8b265c479-0\"  class=\"panel-grid panel-no-style\" ><div id=\"pgc-gb5346-69de8b265c479-0-0\"  class=\"panel-grid-cell\" ><div id=\"panel-gb5346-69de8b265c479-0-0-0\" class=\"so-panel widget widget_sow-editor panel-first-child panel-last-child\" data-index=\"0\" ><div\n\t\t\t\n\t\t\tclass=\"so-widget-sow-editor so-widget-sow-editor-base\"\n\t\t\t\n\t\t>\n<div class=\"siteorigin-widget-tinymce textwidget\">\n\t<p>Projects carried out by contract of private companies and institutions. We offer\u00a0<b>consulting services\u00a0<\/b>to companies; we develop projects that can contemplate\u00a0<strong>all stages of the process<\/strong>, from the most basic scientific research to the most applied transfer of solutions; we have several registered\u00a0<strong>patents<\/strong>\u00a0developed and transferred to different companies.<\/p>\n<\/div>\n<\/div><\/div><\/div><\/div><\/div>\n\n<nav style=\"font-style:normal;font-weight:600;text-transform:uppercase;\" class=\"has-background has-base-background-color has-small-font-size is-responsive items-justified-center wp-block-navigation is-horizontal is-content-justification-center is-layout-flex wp-container-core-navigation-is-layout-1 wp-block-navigation-is-layout-flex\" aria-label=\"Technology transfer\" \n\t\t data-wp-interactive=\"core\/navigation\" data-wp-context='{\"overlayOpenedBy\":{\"click\":false,\"hover\":false,\"focus\":false},\"type\":\"overlay\",\"roleAttribute\":\"\",\"ariaLabel\":\"Men\\u00fa\"}'><button aria-haspopup=\"dialog\" aria-label=\"Abrir el men\u00fa\" class=\"wp-block-navigation__responsive-container-open\" \n\t\t\t\tdata-wp-on-async--click=\"actions.openMenuOnClick\"\n\t\t\t\tdata-wp-on--keydown=\"actions.handleMenuKeydown\"\n\t\t\t><svg width=\"24\" height=\"24\" xmlns=\"http:\/\/www.w3.org\/2000\/svg\" viewbox=\"0 0 24 24\" aria-hidden=\"true\" focusable=\"false\"><rect x=\"4\" y=\"7.5\" width=\"16\" height=\"1.5\" \/><rect x=\"4\" y=\"15\" width=\"16\" height=\"1.5\" \/><\/svg><\/button>\n\t\t\t\t<div class=\"wp-block-navigation__responsive-container\"  id=\"modal-1\" \n\t\t\t\tdata-wp-class--has-modal-open=\"state.isMenuOpen\"\n\t\t\t\tdata-wp-class--is-menu-open=\"state.isMenuOpen\"\n\t\t\t\tdata-wp-watch=\"callbacks.initMenu\"\n\t\t\t\tdata-wp-on--keydown=\"actions.handleMenuKeydown\"\n\t\t\t\tdata-wp-on-async--focusout=\"actions.handleMenuFocusout\"\n\t\t\t\ttabindex=\"-1\"\n\t\t\t>\n\t\t\t\t\t<div class=\"wp-block-navigation__responsive-close\" tabindex=\"-1\">\n\t\t\t\t\t\t<div class=\"wp-block-navigation__responsive-dialog\" \n\t\t\t\tdata-wp-bind--aria-modal=\"state.ariaModal\"\n\t\t\t\tdata-wp-bind--aria-label=\"state.ariaLabel\"\n\t\t\t\tdata-wp-bind--role=\"state.roleAttribute\"\n\t\t\t>\n\t\t\t\t\t\t\t<button aria-label=\"Cerrar el men\u00fa\" class=\"wp-block-navigation__responsive-container-close\" \n\t\t\t\tdata-wp-on-async--click=\"actions.closeMenuOnClick\"\n\t\t\t><svg xmlns=\"http:\/\/www.w3.org\/2000\/svg\" viewbox=\"0 0 24 24\" width=\"24\" height=\"24\" aria-hidden=\"true\" focusable=\"false\"><path d=\"m13.06 12 6.47-6.47-1.06-1.06L12 10.94 5.53 4.47 4.47 5.53 10.94 12l-6.47 6.47 1.06 1.06L12 13.06l6.47 6.47 1.06-1.06L13.06 12Z\"><\/path><\/svg><\/button>\n\t\t\t\t\t\t\t<div class=\"wp-block-navigation__responsive-container-content\" \n\t\t\t\tdata-wp-watch=\"callbacks.focusFirstElement\"\n\t\t\t id=\"modal-1-content\">\n\t\t\t\t\t\t\t\t<ul style=\"font-style:normal;font-weight:600;text-transform:uppercase;\" class=\"wp-block-navigation__container has-background has-base-background-color has-small-font-size is-responsive items-justified-center wp-block-navigation has-small-font-size\"><li class=\"has-small-font-size wp-block-navigation-item wp-block-navigation-link\"><a class=\"wp-block-navigation-item__content\"  href=\"https:\/\/howlab-dev.i3a.es\/technology-transfer\/\"><span class=\"wp-block-navigation-item__label\">Todos<\/span><\/a><\/li><li class=\"has-small-font-size wp-block-navigation-item wp-block-navigation-link\"><a class=\"wp-block-navigation-item__content\"  href=\"https:\/\/howlab-dev.i3a.es\/technology-transfer-featured\/\"><span class=\"wp-block-navigation-item__label\">Destacados<\/span><\/a><\/li><li class=\"has-small-font-size wp-block-navigation-item wp-block-navigation-link\"><a class=\"wp-block-navigation-item__content\"  href=\"https:\/\/howlab-dev.i3a.es\/technology-transfer-smart-territories\/\"><span class=\"wp-block-navigation-item__label\">Smart territories<\/span><\/a><\/li><li class=\"has-small-font-size wp-block-navigation-item wp-block-navigation-link\"><a class=\"wp-block-navigation-item__content\"  href=\"https:\/\/howlab-dev.i3a.es\/technology-transfer-quality-of-life\/\"><span class=\"wp-block-navigation-item__label\">Quality of life<\/span><\/a><\/li><\/ul>\n\t\t\t\t\t\t\t<\/div>\n\t\t\t\t\t\t<\/div>\n\t\t\t\t\t<\/div>\n\t\t\t\t<\/div><\/nav>\n\n<div  class=\"ultp-post-grid-block wp-block-ultimate-post-post-grid-2 ultp-block-264e90\"><div class=\"ultp-block-wrapper\"><div class=\"ultp-loading\"><div class=\"ultp-loading-blocks\" style=\"width:100%;height:100%;\"><div style=\"left: 0;top: 0;animation-delay:0s;\"><\/div><div style=\"left: 21px;top: 0;animation-delay:0.125s;\"><\/div><div style=\"left: 42px;top: 0;animation-delay:0.25s;\"><\/div><div style=\"left: 0;top: 21px;animation-delay:0.875s;\"><\/div><div style=\"left: 42px;top: 21px;animation-delay:0.375s;\"><\/div><div style=\"left: 0;top: 42px;animation-delay:0.75s;\"><\/div><div style=\"left: 42px;top: 42px;animation-delay:0.625s;\"><\/div><div style=\"left: 21px;top: 42px;animation-delay:0.5s;\"><\/div><\/div><\/div><div class=\"ultp-heading-filter\"><div class=\"ultp-heading-filter-in\"><div class=\"ultp-heading-wrap ultp-heading-style1 ultp-heading-left\"><h2 class=\"ultp-heading-inner\"><span>Technology transfer: all<\/span><\/h2><\/div><\/div><\/div><div class=\"ultp-block-items-wrap ultp-block-row\"><div class=\"ultp-block-item post-id-5372\"><div class=\"ultp-block-content-wrap ultp-block-content-overlay\"><div class=\"ultp-block-image ultp-block-image-zoomIn ultp-block-image-overlay ultp-block-image-flat\"><a href=\"https:\/\/howlab.i3a.es\/es\/sistema-de-senalizacion-de-seguridad-para-entornos-subterraneos\/\" ><img decoding=\"async\"  alt=\"Sistema de se\u00f1alizaci\u00f3n de seguridad para entornos subterr\u00e1neos\"  src=\"https:\/\/howlab.i3a.es\/wp-content\/uploads\/2021\/04\/SenalizacionEntornosSubterraneos.png\" \/><\/a><\/div><div class=\"ultp-block-content ultp-block-content-middlePosition\"><div class=\"ultp-block-content-inner\"><h3 class=\"ultp-block-title\"><a href=\"https:\/\/howlab.i3a.es\/es\/sistema-de-senalizacion-de-seguridad-para-entornos-subterraneos\/\" >Sistema de se\u00f1alizaci\u00f3n de seguridad para entornos subterr\u00e1neos<\/a><\/h3><\/div><\/div><\/div><\/div><div class=\"ultp-block-item post-id-5370\"><div class=\"ultp-block-content-wrap ultp-block-content-overlay\"><div class=\"ultp-block-image ultp-block-image-zoomIn ultp-block-image-overlay ultp-block-image-flat\"><a href=\"https:\/\/howlab.i3a.es\/es\/wireless-ultra-low-power-smart-traffic-sensor\/\" ><img decoding=\"async\"  alt=\"Wireless Ultra-low Power Smart Traffic Sensor\"  src=\"https:\/\/howlab.i3a.es\/wp-content\/uploads\/2021\/04\/Sensor-de-trafico-e1619460784423.jpg\" \/><\/a><\/div><div class=\"ultp-block-content ultp-block-content-middlePosition\"><div class=\"ultp-block-content-inner\"><h3 class=\"ultp-block-title\"><a href=\"https:\/\/howlab.i3a.es\/es\/wireless-ultra-low-power-smart-traffic-sensor\/\" >Wireless Ultra-low Power Smart Traffic Sensor<\/a><\/h3><\/div><\/div><\/div><\/div><div class=\"ultp-block-item post-id-5368\"><div class=\"ultp-block-content-wrap ultp-block-content-overlay\"><div class=\"ultp-block-image ultp-block-image-zoomIn ultp-block-image-overlay ultp-block-image-flat\"><a href=\"https:\/\/howlab.i3a.es\/es\/sistema-hardware-con-inteligencia-artificial-para-la-deteccion-de-anomalias-en-billetes\/\" ><img decoding=\"async\"  alt=\"Sistema hardware con inteligencia artificial para la detecci\u00f3n de anomal\u00edas en billetes\"  src=\"https:\/\/howlab.i3a.es\/wp-content\/uploads\/2021\/04\/AnomaliasBilletes-1-e1619460214933.jpg\" \/><\/a><\/div><div class=\"ultp-block-content ultp-block-content-middlePosition\"><div class=\"ultp-block-content-inner\"><h3 class=\"ultp-block-title\"><a href=\"https:\/\/howlab.i3a.es\/es\/sistema-hardware-con-inteligencia-artificial-para-la-deteccion-de-anomalias-en-billetes\/\" >Sistema hardware con inteligencia artificial para la detecci\u00f3n de anomal\u00edas en billetes<\/a><\/h3><\/div><\/div><\/div><\/div><div class=\"ultp-block-item post-id-5364\"><div class=\"ultp-block-content-wrap ultp-block-content-overlay\"><div class=\"ultp-block-image ultp-block-image-zoomIn ultp-block-image-overlay ultp-block-image-flat\"><a href=\"https:\/\/howlab.i3a.es\/es\/plataforma-de-gestion-de-vehiculos-electricos\/\" ><img decoding=\"async\"  alt=\"Plataforma de gesti\u00f3n de veh\u00edculos el\u00e9ctricos\"  src=\"https:\/\/howlab.i3a.es\/wp-content\/uploads\/2020\/08\/Fondo-proyecto-870x570.png\" \/><\/a><\/div><div class=\"ultp-block-content ultp-block-content-middlePosition\"><div class=\"ultp-block-content-inner\"><h3 class=\"ultp-block-title\"><a href=\"https:\/\/howlab.i3a.es\/es\/plataforma-de-gestion-de-vehiculos-electricos\/\" >Plataforma de gesti\u00f3n de veh\u00edculos el\u00e9ctricos<\/a><\/h3><\/div><\/div><\/div><\/div><div class=\"ultp-block-item post-id-5362\"><div class=\"ultp-block-content-wrap ultp-block-content-overlay\"><div class=\"ultp-block-image ultp-block-image-zoomIn ultp-block-image-overlay ultp-block-image-flat\"><a href=\"https:\/\/howlab.i3a.es\/es\/hardware-de-trazabilidad-gps-darp-de-deyecciones-ganaderas\/\" ><img decoding=\"async\"  alt=\"Hardware de trazabilidad GPS DARP de Deyecciones Ganaderas\"  src=\"https:\/\/howlab.i3a.es\/wp-content\/uploads\/2021\/04\/DeyeccionesGanaderas.png\" \/><\/a><\/div><div class=\"ultp-block-content ultp-block-content-middlePosition\"><div class=\"ultp-block-content-inner\"><h3 class=\"ultp-block-title\"><a href=\"https:\/\/howlab.i3a.es\/es\/hardware-de-trazabilidad-gps-darp-de-deyecciones-ganaderas\/\" >Hardware de trazabilidad GPS DARP de Deyecciones Ganaderas<\/a><\/h3><\/div><\/div><\/div><\/div><div class=\"ultp-block-item post-id-5341\"><div class=\"ultp-block-content-wrap ultp-block-content-overlay\"><div class=\"ultp-block-image ultp-block-image-zoomIn ultp-block-image-overlay ultp-block-image-flat\"><a href=\"https:\/\/howlab.i3a.es\/es\/smart-insoles\/\" ><img decoding=\"async\"  alt=\"Smart Insoles\"  src=\"https:\/\/howlab.i3a.es\/wp-content\/uploads\/2021\/04\/SmartInsoles-e1619460280895.jpg\" \/><\/a><\/div><div class=\"ultp-block-content ultp-block-content-middlePosition\"><div class=\"ultp-block-content-inner\"><h3 class=\"ultp-block-title\"><a href=\"https:\/\/howlab.i3a.es\/es\/smart-insoles\/\" >Smart Insoles<\/a><\/h3><\/div><\/div><\/div><\/div><div class=\"ultp-block-item post-id-5374\"><div class=\"ultp-block-content-wrap ultp-block-content-overlay\"><div class=\"ultp-block-image ultp-block-image-zoomIn ultp-block-image-overlay ultp-block-image-flat\"><a href=\"https:\/\/howlab.i3a.es\/es\/plantilla-technology-transfer-project-copia\/\" ><img decoding=\"async\"  alt=\"Gemelo digital de m\u00e1quinas de lectura de billetes\"  src=\"https:\/\/howlab.i3a.es\/wp-content\/uploads\/2021\/04\/GemeloDigital-e1619460028676.png\" \/><\/a><\/div><div class=\"ultp-block-content ultp-block-content-middlePosition\"><div class=\"ultp-block-content-inner\"><h3 class=\"ultp-block-title\"><a href=\"https:\/\/howlab.i3a.es\/es\/plantilla-technology-transfer-project-copia\/\" >Gemelo digital de m\u00e1quinas de lectura de billetes<\/a><\/h3><\/div><\/div><\/div><\/div><\/div><\/div><div class=\"pagination-block-html\" aria-hidden=\"true\" style=\"display: none;\"><\/div><\/div>","protected":false},"excerpt":{"rendered":"","protected":false},"author":1,"featured_media":0,"parent":0,"menu_order":0,"comment_status":"closed","ping_status":"closed","template":"","meta":{"footnotes":""},"class_list":["post-5346","page","type-page","status-publish"],"_links":{"self":[{"href":"https:\/\/howlab.i3a.es\/es\/wp-json\/wp\/v2\/pages\/5346","targetHints":{"allow":["GET"]}}],"collection":[{"href":"https:\/\/howlab.i3a.es\/es\/wp-json\/wp\/v2\/pages"}],"about":[{"href":"https:\/\/howlab.i3a.es\/es\/wp-json\/wp\/v2\/types\/page"}],"author":[{"embeddable":true,"href":"https:\/\/howlab.i3a.es\/es\/wp-json\/wp\/v2\/users\/1"}],"replies":[{"embeddable":true,"href":"https:\/\/howlab.i3a.es\/es\/wp-json\/wp\/v2\/comments?post=5346"}],"version-history":[{"count":4,"href":"https:\/\/howlab.i3a.es\/es\/wp-json\/wp\/v2\/pages\/5346\/revisions"}],"predecessor-version":[{"id":5402,"href":"https:\/\/howlab.i3a.es\/es\/wp-json\/wp\/v2\/pages\/5346\/revisions\/5402"}],"wp:attachment":[{"href":"https:\/\/howlab.i3a.es\/es\/wp-json\/wp\/v2\/media?parent=5346"}],"curies":[{"name":"wp","href":"https:\/\/api.w.org\/{rel}","templated":true}]}}