{"id":5485,"date":"2025-12-17T15:09:06","date_gmt":"2025-12-17T13:09:06","guid":{"rendered":"https:\/\/howlab.i3a.es\/?page_id=5485"},"modified":"2025-12-17T15:09:06","modified_gmt":"2025-12-17T13:09:06","slug":"chapters","status":"publish","type":"page","link":"https:\/\/howlab.i3a.es\/es\/chapters\/","title":{"rendered":"Chapters"},"content":{"rendered":"<div id=\"pl-gb5485-69e7c5f91cc26\"  class=\"panel-layout wp-block-siteorigin-panels-layout-block\" ><div id=\"pg-gb5485-69e7c5f91cc26-0\"  class=\"panel-grid panel-has-style\" ><div class=\"siteorigin-panels-stretch panel-row-style panel-row-style-for-gb5485-69e7c5f91cc26-0\" data-stretch-type=\"full-width-stretch\" ><div id=\"pgc-gb5485-69e7c5f91cc26-0-0\"  class=\"panel-grid-cell\" ><div id=\"panel-gb5485-69e7c5f91cc26-0-0-0\" class=\"so-panel widget widget_sow-hero panel-first-child panel-last-child\" data-index=\"0\" ><div\n\t\t\t\n\t\t\tclass=\"so-widget-sow-hero so-widget-sow-hero-default-7a011a7c0fd5-5485 so-widget-fittext-wrapper\"\n\t\t\t data-fit-text-compressor=\"0.85\"\n\t\t>\t\t\t\t<div class=\"sow-slider-base\" style=\"display: none\" tabindex=\"0\">\n\t\t\t\t\t<ul\n\t\t\t\t\tclass=\"sow-slider-images\"\n\t\t\t\t\tdata-settings=\"{&quot;pagination&quot;:true,&quot;speed&quot;:800,&quot;timeout&quot;:8000,&quot;paused&quot;:false,&quot;pause_on_hover&quot;:false,&quot;swipe&quot;:true,&quot;nav_always_show_desktop&quot;:&quot;&quot;,&quot;nav_always_show_mobile&quot;:&quot;&quot;,&quot;breakpoint&quot;:&quot;780px&quot;,&quot;unmute&quot;:false,&quot;anchor&quot;:null}\"\n\t\t\t\t\t\t\t\t\t\tdata-anchor-id=\"\"\n\t\t\t\t>\t\t<li class=\"sow-slider-image  sow-slider-image-cover\" style=\"visibility: visible;;background-color: #333333;background-image: url(https:\/\/howlab.i3a.es\/wp-content\/uploads\/2021\/04\/Banner1.png)\" >\n\t\t\t\t\t<div class=\"sow-slider-image-container\">\n\t\t\t<div class=\"sow-slider-image-wrapper\">\n\t\t\t\t<h1 class=\"entry-title\" style=\"text-align: center\"><strong>Chapters<\/strong><\/h1>\t\t\t<\/div>\n\t\t<\/div>\n\t\t\t\t<\/li>\n\t\t<\/ul>\t\t\t\t<ol class=\"sow-slider-pagination\">\n\t\t\t\t\t\t\t\t\t\t\t<li><a href=\"#\" data-goto=\"0\" aria-label=\"mostrar diapositiva 1\"><\/a><\/li>\n\t\t\t\t\t\t\t\t\t<\/ol>\n\n\t\t\t\t<div class=\"sow-slide-nav sow-slide-nav-next\">\n\t\t\t\t\t<a href=\"#\" data-goto=\"next\" aria-label=\"diapositiva siguiente\" data-action=\"next\">\n\t\t\t\t\t\t<em class=\"sow-sld-icon-thin-right\"><\/em>\n\t\t\t\t\t<\/a>\n\t\t\t\t<\/div>\n\n\t\t\t\t<div class=\"sow-slide-nav sow-slide-nav-prev\">\n\t\t\t\t\t<a href=\"#\" data-goto=\"previous\" aria-label=\"diapositiva anterior\" data-action=\"prev\">\n\t\t\t\t\t\t<em class=\"sow-sld-icon-thin-left\"><\/em>\n\t\t\t\t\t<\/a>\n\t\t\t\t<\/div>\n\t\t\t\t<\/div><\/div><\/div><\/div><\/div><\/div><\/div>\n\n<div id=\"pl-gb5485-69e7c5f91d99a\"  class=\"panel-layout wp-block-siteorigin-panels-layout-block\" ><div id=\"pg-gb5485-69e7c5f91d99a-0\"  class=\"panel-grid panel-no-style\" ><div id=\"pgc-gb5485-69e7c5f91d99a-0-0\"  class=\"panel-grid-cell\" ><div id=\"panel-gb5485-69e7c5f91d99a-0-0-0\" class=\"so-panel widget widget_sow-editor panel-first-child panel-last-child\" data-index=\"0\" ><div\n\t\t\t\n\t\t\tclass=\"so-widget-sow-editor so-widget-sow-editor-base\"\n\t\t\t\n\t\t>\n<div class=\"siteorigin-widget-tinymce textwidget\">\n\t<form method=\"get\" action=\"\"><label for=\"pg_anio_cap\">Year: <\/label>\r\n        <select name=\"pg_anio_cap\" onchange=\"this.form.submit()\"><option value=\"\" selected>All years<\/option><option value=\"2026\" >2026<\/option><option value=\"2025\" >2025<\/option><option value=\"2024\" >2024<\/option><option value=\"2023\" >2023<\/option><option value=\"2022\" >2022<\/option><option value=\"2021\" >2021<\/option><option value=\"2020\" >2020<\/option><option value=\"2019\" >2019<\/option><option value=\"2018\" >2018<\/option><option value=\"2017\" >2017<\/option><option value=\"2016\" >2016<\/option><option value=\"2015\" >2015<\/option><option value=\"2014\" >2014<\/option><option value=\"2013\" >2013<\/option><option value=\"2012\" >2012<\/option><option value=\"2011\" >2011<\/option><option value=\"2010\" >2010<\/option><option value=\"2009\" >2009<\/option><option value=\"2008\" >2008<\/option><option value=\"2007\" >2007<\/option><option value=\"2006\" >2006<\/option><option value=\"2005\" >2005<\/option><option value=\"2004\" >2004<\/option><option value=\"2003\" >2003<\/option><option value=\"2002\" >2002<\/option><option value=\"2001\" >2001<\/option><option value=\"2000\" >2000<\/option><\/select><input type=\"hidden\" name=\"trp-form-language\" value=\"es\"\/><\/form><br><p class=\"contador\">Total chapters: <strong>32<\/strong><\/p><table class=\"pg-tabla\"><thead><tr><th>Year<\/th><th>Title<\/th><th>Book Title<\/th><th>Authors<\/th><th>ISBN<\/th><\/tr><\/thead><tbody><tr><td class=\"\"><span>2026<\/span><\/td><td class=\"\"><span>Design for Human-Baboon Conflict Management: Animal Location Using a Sensor Network Ecosystem<\/span><\/td><td class=\"\"><span>Advances on Design Engineering V<\/span><\/td><td class=\"\"><span>Sigu\u00edn, Marta; Marco, \u00c1lvaro; Trasvi\u00f1a, Carlos; Casas, Roberto; O\u2019Riain, Justin; Blanco, Teresa<\/span><\/td><td class=\"col-una-linea\"><span>978-3-032-08108-7<\/span><\/td><\/tr><tr><td class=\"\"><span>2025<\/span><\/td><td class=\"\"><span>Propuestas de ciencias de libre elecci\u00f3n en Magisterio: un viaje entre vivir, analizar y dise\u00f1ar<\/span><\/td><td class=\"\"><span>Jornadas de Innovaci\u00f3n Docente e Investigaci\u00f3n Educativa. Toma de decisiones docentes basada en evidencias cient\u00edficas. Libro de Res\u00famenes.<\/span><\/td><td class=\"\"><span>Fern\u00e1ndez-L\u00f3pez del Moral, Sara; S\u00e1ez-Bond\u00eda, Mar\u00eda Jos\u00e9; Mateo Gonz\u00e1lez, Ester; Dieste Gracia, Bel\u00e9n Mar\u00eda; Pueyo Anchuela, \u00d3scar; Dies \u00c1lvarez, Mar\u00eda Eugenia; Salvad\u00f3 Bellart, Zoel; Gil Gonz\u00e1lez, Cristina; Arag\u00fc\u00e9s D\u00edaz, Ana Mar\u00eda; Carrasquer \u00c1lvarez, Beatriz; Calvo Sevillano, Guiomar; Latre Navarro, Lorena; Garc\u00eda Mangas, Mar\u00eda Ar\u00e1nzazu; Cid Romero, Mar\u00eda de la Esperanza; Blanco Bascuas, Mar\u00eda Teresa; Sobradiel Sierra, Natalia; Mart\u00ednez Aznar, Javier; Murillo Pola, Jos\u00e9 Luis; Mart\u00edn Garc\u00eda, Jorge<\/span><\/td><td class=\"col-una-linea\"><span>978-84-09-67873-0<\/span><\/td><\/tr><tr><td class=\"\"><span>2025<\/span><\/td><td class=\"\"><span>Design of a Wearable for Sustainable Livestock Farming<\/span><\/td><td class=\"\"><span>Advances on Mechanics, Design Engineering and Manufacturing V<\/span><\/td><td class=\"\"><span>Sigu\u00edn, Marta; Blanco, Teresa; Canto, Francisco; Abecia, Jos\u00e9-Alfonso; Casas, Roberto<\/span><\/td><td class=\"col-una-linea\"><span>978-3-031-72829-7<\/span><\/td><\/tr><tr><td class=\"\"><span>2025<\/span><\/td><td class=\"\"><span>Digital Tools for Designers: Means for Wearable Prototyping Through Block Programming<\/span><\/td><td class=\"\"><span>Advances on Mechanics, Design Engineering and Manufacturing V <\/span><\/td><td class=\"\"><span>Sigu\u00edn, Marta; Blanco, Teresa; Rossano, Federico; Casas, Roberto<\/span><\/td><td class=\"col-una-linea\"><span>978-3-031-72829-7<\/span><\/td><\/tr><tr><td class=\"\"><span>2019<\/span><\/td><td class=\"\"><span>Formando a personas creativas en la era digital. Evaluaci\u00f3n x-disciplinar de una herramienta basada en el dise\u00f1o<\/span><\/td><td class=\"\"><span>Re-Visiones sobre Arte, patrimonio y tecnolog\u00eda en la era digital<\/span><\/td><td class=\"\"><span>M\u00aa Bel\u00e9n Calavia Ferr\u00e1ndez, Teresa Blanco Bascuas, Roberto Casas Nebra.<\/span><\/td><td class=\"col-una-linea\"><span>9788483804117<\/span><\/td><\/tr><tr><td class=\"\"><span>2017<\/span><\/td><td class=\"\"><span>Colaboraci\u00f3n con empresas en la docencia de asignaturas en el marco del ABP [Collaboration with companies in the teaching of subjects in the framework of PBL]<\/span><\/td><td class=\"\"><span>LA INNOVACI\u00d3N DOCENTE COMO MISI\u00d3N DEL PROFESORADO. ACTAS DEL IV CONGRESO INTERNACIONAL SOBRE APRENDIZAJE, INNOVACI\u00d3N Y COMPETITIVIDAD. CINAIC 2017<\/span><\/td><td class=\"\"><span>Eduardo Manchado P\u00e9rez; Carlos Romero Piqueras;Jos\u00e9 Mar\u00eda L\u00f3pez P\u00e9rez; Roberto Casas Nebra<\/span><\/td><td class=\"col-una-linea\"><span>978-84-16723-41-6<\/span><\/td><\/tr><tr><td class=\"\"><span>2016<\/span><\/td><td class=\"\"><span>ISO\/IEEE11073 Family of Standards: Trends and Applications on e-Health Monitoring<\/span><\/td><td class=\"\"><span>Encyclopedia of E-Health and Telemedicine (2 Volumes)<\/span><\/td><td class=\"\"><span>Mart\u00ednez Ru\u00edz, Ignacio; Sancho Cohen,  David; Marco Marco, \u00c1lvaro<\/span><\/td><td class=\"col-una-linea\"><span>978-1-4666-9978-6<\/span><\/td><\/tr><tr><td class=\"\"><span>2015<\/span><\/td><td class=\"\"><span>Una experiencia de aprendizaje colaborativo basada en la adaptaci\u00f3n de metodolog\u00edas de Design Thinking<\/span><\/td><td class=\"\"><span>Actas del III Congreso Internacional Sobre Aprendizaje, Innovaci\u00f3n y Competitividad<\/span><\/td><td class=\"\"><span>Manchado, E.; Romero, C.; Blanco, T.; Casas, R.; L\u00f3pez, J.M<\/span><\/td><td class=\"col-una-linea\"><span>978-84-608-2907-2<\/span><\/td><\/tr><tr><td class=\"\"><span>2014<\/span><\/td><td class=\"\"><span>Wireless Sensor Networks in traffic management systems<\/span><\/td><td class=\"\"><span>11th International Multi-Conference on Systems, Signals &amp; Devices (SSD)<\/span><\/td><td class=\"\"><span>Trasvina-Moreno, Carlos; Asensio, \u00c1ngel; Casas, Roberto; Blasco, Rub\u00e9n; Marco, \u00c1lvaro<\/span><\/td><td class=\"col-una-linea\"><span>978-1-4799-3866-7<\/span><\/td><\/tr><tr><td class=\"\"><span>2013<\/span><\/td><td class=\"\"><span>Associative learning for enhancing autonomous bots in videogame design<\/span><\/td><td class=\"\"><span>Advances in Intelligent Systems and Computing<\/span><\/td><td class=\"\"><span>Moreno, S.; Gonzalez Bedia, M.; Ser\u00f3n, F.; Castillo, L. F.; Isaza, G. A.<\/span><\/td><td class=\"col-una-linea\"><span>978-3-319-005<\/span><\/td><\/tr><tr><td class=\"\"><span>2013<\/span><\/td><td class=\"\"><span>Quantifying Political Self-Organization in   Social Media. Fractal patterns in the Spanish 15M movement on Twitter<\/span><\/td><td class=\"\"><span>Advances in Artificial Life<\/span><\/td><td class=\"\"><span>Aguilera, M.; Morer, I.; Barandiaran, X. E. ; Bedia, M. G.<\/span><\/td><td class=\"col-una-linea\"><span>9780262317092<\/span><\/td><\/tr><tr><td class=\"\"><span>2013<\/span><\/td><td class=\"\"><span>Aplicaci\u00f3n de la impresi\u00f3n 3D a la docencia: Prototyp3d<\/span><\/td><td class=\"\"><span>Actas de las VII Jornadas de Innovaci\u00f3n Docente e Investigaci\u00f3n Educativa<\/span><\/td><td class=\"\"><span>Briz, J.; Su\u00e1rez, A; Blanco, T.; Asensio, \u00c1.; Casas, R.<\/span><\/td><td class=\"col-una-linea\"><span>978-84-695-8538-2<\/span><\/td><\/tr><tr><td class=\"\"><span>2013<\/span><\/td><td class=\"\"><span>Adquisici\u00f3n de competencias profesionales mediante proyectos interdisciplinares<\/span><\/td><td class=\"\"><span>Actas del II Congreso International sobre Aprendizaje, Innovaci\u00f3n y Competetitividad<\/span><\/td><td class=\"\"><span>Lopez, J.M; Manchado, E.; Casas, R.; Lopez, I.; Blanco, T.<\/span><\/td><td class=\"col-una-linea\"><span>978-84-695-8927-4<\/span><\/td><\/tr><tr><td class=\"\"><span>2013<\/span><\/td><td class=\"\"><span>Adquisici\u00f3n de competencias profesionales mediante proyectos interdisciplinares.<\/span><\/td><td class=\"\"><span>II CONGRESO INTERNACIONAL SOBRE APRENDIZAJE, INNOVACI\u00d3N Y COMPETITIVIDAD<\/span><\/td><td class=\"\"><span>Lopez, J.M; Manchado, E.; Casas, R.; Lopez, I.; Blanco, T.<\/span><\/td><td class=\"col-una-linea\"><span>978-84-695-8927-4<\/span><\/td><\/tr><tr><td class=\"\"><span>2012<\/span><\/td><td class=\"\"><span>Grid Computing and CBR Deployment: Monitoring Principles for a Suitable Engagement<\/span><\/td><td class=\"\"><span>9th Distributed Computing and Artificial Intelligence. Advances in Intelligent and Soft Computing<\/span><\/td><td class=\"\"><span>Castillo, L.F., Isaza, G., Bedia M.G, Correa, J. D<\/span><\/td><td class=\"col-una-linea\"><span><\/span><\/td><\/tr><tr><td class=\"\"><span>2012<\/span><\/td><td class=\"\"><span>Independent viewpoint silhoutte-based human action modeling and recognition<\/span><\/td><td class=\"\"><span>Handbook on soft computing for video surveillance<\/span><\/td><td class=\"\"><span>Orrite, Carlos; Mart\u00ednez Contreras, Francisco; Herrero Jaraba, J. El\u00edas; Ragheb, Hossein<\/span><\/td><td class=\"col-una-linea\"><span>978-1-4398-56<\/span><\/td><\/tr><tr><td class=\"\"><span>2011<\/span><\/td><td class=\"\"><span>Implementaci\u00f3n de materias comunes en el plan de estudios de grado en Ingenier\u00eda Electr\u00f3nica y Autom\u00e1tica de la Universidad de Zaragoza (A proposal for implementing the Common Module courses of the Electronics Engineering and Automatic Control degree from the University of Zaragoza)<\/span><\/td><td class=\"\"><span>TICs aplicadas para el aprendizaje de la Ingenier\u00eda (TICAI)<\/span><\/td><td class=\"\"><span>Bernal, C.; Bono, A.; L\u00f3pez, J.M.; Ot\u00edn, Ar\u00e1nzazu; P\u00e9rez, F.J.; Mart\u00edn, B.;  Poll\u00e1n, T.<\/span><\/td><td class=\"col-una-linea\"><span>978-84-8158-548-3<\/span><\/td><\/tr><tr><td class=\"\"><span>2010<\/span><\/td><td class=\"\"><span>Levitador magn\u00e9tico de muy bajo coste con fines did\u00e1cticos<\/span><\/td><td class=\"\"><span>TICs Aplicadas para el aprendizaje de la Ingenier\u00eda (TICAI)<\/span><\/td><td class=\"\"><span>Artigas, JI. ;Barrag\u00e1n, LA. ;Llorente, S. ;Marco, A.<\/span><\/td><td class=\"col-una-linea\"><span>9789728688707<\/span><\/td><\/tr><tr><td class=\"\"><span>2010<\/span><\/td><td class=\"\"><span>Low-Cost Magnetic Levitation System for Electronics Learning<\/span><\/td><td class=\"\"><span>Proceedings of The 4th IEEE International Conference on E-Learning in Industrial Electronics ICELIE 2010<\/span><\/td><td class=\"\"><span>J.I. Artigas; L.A. Barrag\u00e1n; S. Llorente; A. Marco; O. Luc\u00eda<\/span><\/td><td class=\"col-una-linea\"><span>9781424472512<\/span><\/td><\/tr><tr><td class=\"\"><span>2009<\/span><\/td><td class=\"\"><span>Common OSGi Interface for Ambient Assisted Living Scenarios<\/span><\/td><td class=\"\"><span>Behaviour Monitoring and Interpretation<\/span><\/td><td class=\"\"><span>R. Casas, G. Bauer, R. Blasco, A. Asensio, B. Jean-Bart, M. Iba\u00f1ez<\/span><\/td><td class=\"col-una-linea\"><span>9781607500483<\/span><\/td><\/tr><tr><td class=\"\"><span>2009<\/span><\/td><td class=\"\"><span>Towards an intelligent and supportive environment for people with physical or cognitive restrictions<\/span><\/td><td class=\"\"><span>Proceedings of the 2nd International Conference on PErvasive Technologies Related to Assistive Environments<\/span><\/td><td class=\"\"><span>Casas Nebra, Roberto Jos\u00e9 ; \u00c1lvaro Marco<\/span><\/td><td class=\"col-una-linea\"><span>978-1-60558-409-6<\/span><\/td><\/tr><tr><td class=\"\"><span>2008<\/span><\/td><td class=\"\"><span>Calibration and comparison of visual tracking on the ground for multiple camera tracking<\/span><\/td><td class=\"\"><span>International conference on informatics in control, automation and robotics 2008<\/span><\/td><td class=\"\"><span>G\u00f3mez, Jorge Ra\u00fal; Guerrero, Jos\u00e9 Jes\u00fas; Herrero Jaraba, J. El\u00edas<\/span><\/td><td class=\"col-una-linea\"><span>978-3-642-002<\/span><\/td><\/tr><tr><td class=\"\"><span>2008<\/span><\/td><td class=\"\"><span>MULTI-HOP SYNCHRONIZATION AT THE APPLICATION LAYER OF WIRELESS AND SATELLITE NETWORKS<\/span><\/td><td class=\"\"><span>IEEE GLOBECOM 2008 SYMPOSIUM ON SELECTED AREAS IN COMMUNICATIONS<\/span><\/td><td class=\"\"><span>A. MARCO; R. CASAS; J.L. SEVILLANO; V. COARASA; J. FALCO; M.S. OBAIDAT;<\/span><\/td><td class=\"col-una-linea\"><span>978-1-4244-2324-8<\/span><\/td><\/tr><tr><td class=\"\"><span>2008<\/span><\/td><td class=\"\"><span>AMBIENNET: AN INTELLIGENT ENVIRONMENT TO SUPPORT PEOPLE WITH DISABILITIES AND ELDERLY PEOPLE<\/span><\/td><td class=\"\"><span>10 INTERNATIONAL ACM SIGACCESS CONFERENCE ON COMPUTERS AND ACCESSIBILITY<\/span><\/td><td class=\"\"><span>JULIO ABASCAL; BORJA BONAIL; ALVARO MARCO; ROBERTO CASAS; JOSE LUIS SEVILLANO;<\/span><\/td><td class=\"col-una-linea\"><span>978-1-59593-976-0<\/span><\/td><\/tr><tr><td class=\"\"><span>2008<\/span><\/td><td class=\"\"><span>LEAST MEDIAN OF SQUARES FOR NON-LINE-OF-SIGHT ERROR MITIGATION IN GSM LOCALIZATION<\/span><\/td><td class=\"\"><span>IEEE INTERNATIONAL SYMPOSIUM ON PERSONAL, INDOOR AND MOBILE RADIO COMMUNICATIONS<\/span><\/td><td class=\"\"><span>A. MARCO; R. CASAS; A. ASENSIO; V. COARASA; R. BLASCO; A. IBARZ;<\/span><\/td><td class=\"col-una-linea\"><span>978-1-4244-2643-0<\/span><\/td><\/tr><tr><td class=\"\"><span>2008<\/span><\/td><td class=\"\"><span>Time Orientation Device for Special Education<\/span><\/td><td class=\"\"><span>Lecture Notes of Artificial Intelligence<\/span><\/td><td class=\"\"><span>Jos\u00e9 M. Falc\u00f3; \u00c1lvaro Marco; \u00c1ngel Asensio; Rub\u00e9n Blasco; Roberto Casas; Joaqu\u00edn Ezpeleta<\/span><\/td><td class=\"col-una-linea\"><span>0302-9743<\/span><\/td><\/tr><tr><td class=\"\"><span>2008<\/span><\/td><td class=\"\"><span>The Open Knowledge Society<\/span><\/td><td class=\"\"><span>Step by Step Framework for Evaluation of In-Formation Technology Benefit in Social Scenarios<\/span><\/td><td class=\"\"><span>Esteban Vaquerizo; Yolanda Garrido; Jorge Falc\u00f3; Theresa Skehan; Alba Jim\u00e9nez; Roberto Casas<\/span><\/td><td class=\"col-una-linea\"><span>978-3-540-87783-7<\/span><\/td><\/tr><tr><td class=\"\"><span>2008<\/span><\/td><td class=\"\"><span>SYNCHRONIZATION ISSUES IN SURGICAL TRAINING<\/span><\/td><td class=\"\"><span>BIODEVICES 2008.  Proceedings of the First International Conference on Biomedical Electronics and Devices (Volume 2)<\/span><\/td><td class=\"\"><span>Casas Nebra, Roberto Jos\u00e9<\/span><\/td><td class=\"col-una-linea\"><span>978-989-8111-17-3<\/span><\/td><\/tr><tr><td class=\"\"><span>2008<\/span><\/td><td class=\"\"><span>MECHATRONIC SYSTEM FOR TRANSURETHRAL RESECTION TRAINING<\/span><\/td><td class=\"\"><span>Proceedings of the First International Conference on Biomedical Electronics and Devices <\/span><\/td><td class=\"\"><span>A. ASENSIO; A. IBARZ; J.I ARTIGAS; A. MARCO; J. CASAS; R. CASAS;<\/span><\/td><td class=\"col-una-linea\"><span>978-989-8111-17-3<\/span><\/td><\/tr><tr><td class=\"\"><span>2008<\/span><\/td><td class=\"\"><span>ULTRASONIC MOTION TRACKING OF INSTRUMENTS IN OPERATING THEATRE<\/span><\/td><td class=\"\"><span>BIODEVICES 2008.  Proceedings of the First International Conference on Biomedical Electronics and Devices <\/span><\/td><td class=\"\"><span>A. IBARZ; R. CASAS; A. MARCO; H. GRACIA; R. BLASCO; J. FALCO;<\/span><\/td><td class=\"col-una-linea\"><span>978-989-8111-17-3<\/span><\/td><\/tr><tr><td class=\"\"><span>2008<\/span><\/td><td class=\"\"><span>FALL DETECTOR BASED ON NEURAL NETWORKS<\/span><\/td><td class=\"\"><span>BIODEVICES 2008. Proceedings of the First International Conference on Biomedical Electronics and Devices <\/span><\/td><td class=\"\"><span>Blasco, Rub\u00e9n.; Casas Nebra, Roberto Jos\u00e9.; Marco, \u00c1lvaro.; Coarasa, Victori\u00e1n; Garrido, Yolanda, Falc\u00f3, Jorge L.<\/span><\/td><td class=\"col-una-linea\"><span>978-989-8111-17-3<\/span><\/td><\/tr><tr><td class=\"\"><span>2006<\/span><\/td><td class=\"\"><span>Acoustic behaviour of a switched reluctance motor<\/span><\/td><td class=\"\"><span>Proceedings of the Thirtheenth International Congress on Sound and Vibration (ICSV13)<\/span><\/td><td class=\"\"><span>Llad\u00f3, J; S\u00e1nchez, B; Ortiz, J; Valladares, D; Mart\u00ednez, A; P\u00e9rez, FJ; Mart\u00edn, B; Laloya, E; Poll\u00e1n, T; Vicu\u00f1a, J<\/span><\/td><td class=\"col-una-linea\"><span>3-9501554-5-7<\/span><\/td><\/tr><\/tbody><\/table>\n<\/div>\n<\/div><\/div><\/div><\/div><\/div>","protected":false},"excerpt":{"rendered":"","protected":false},"author":1,"featured_media":0,"parent":0,"menu_order":0,"comment_status":"closed","ping_status":"closed","template":"","meta":{"footnotes":""},"class_list":["post-5485","page","type-page","status-publish"],"_links":{"self":[{"href":"https:\/\/howlab.i3a.es\/es\/wp-json\/wp\/v2\/pages\/5485","targetHints":{"allow":["GET"]}}],"collection":[{"href":"https:\/\/howlab.i3a.es\/es\/wp-json\/wp\/v2\/pages"}],"about":[{"href":"https:\/\/howlab.i3a.es\/es\/wp-json\/wp\/v2\/types\/page"}],"author":[{"embeddable":true,"href":"https:\/\/howlab.i3a.es\/es\/wp-json\/wp\/v2\/users\/1"}],"replies":[{"embeddable":true,"href":"https:\/\/howlab.i3a.es\/es\/wp-json\/wp\/v2\/comments?post=5485"}],"version-history":[{"count":1,"href":"https:\/\/howlab.i3a.es\/es\/wp-json\/wp\/v2\/pages\/5485\/revisions"}],"predecessor-version":[{"id":5486,"href":"https:\/\/howlab.i3a.es\/es\/wp-json\/wp\/v2\/pages\/5485\/revisions\/5486"}],"wp:attachment":[{"href":"https:\/\/howlab.i3a.es\/es\/wp-json\/wp\/v2\/media?parent=5485"}],"curies":[{"name":"wp","href":"https:\/\/api.w.org\/{rel}","templated":true}]}}