{"id":5489,"date":"2025-12-17T15:12:38","date_gmt":"2025-12-17T13:12:38","guid":{"rendered":"https:\/\/howlab.i3a.es\/?page_id=5489"},"modified":"2025-12-17T15:12:38","modified_gmt":"2025-12-17T13:12:38","slug":"theses","status":"publish","type":"page","link":"https:\/\/howlab.i3a.es\/es\/theses\/","title":{"rendered":"Theses"},"content":{"rendered":"<div id=\"pl-gb5489-69e7adb695770\"  class=\"panel-layout wp-block-siteorigin-panels-layout-block\" ><div id=\"pg-gb5489-69e7adb695770-0\"  class=\"panel-grid panel-has-style\" ><div class=\"siteorigin-panels-stretch panel-row-style panel-row-style-for-gb5489-69e7adb695770-0\" data-stretch-type=\"full-width-stretch\" ><div id=\"pgc-gb5489-69e7adb695770-0-0\"  class=\"panel-grid-cell\" ><div id=\"panel-gb5489-69e7adb695770-0-0-0\" class=\"so-panel widget widget_sow-hero panel-first-child panel-last-child\" data-index=\"0\" ><div\n\t\t\t\n\t\t\tclass=\"so-widget-sow-hero so-widget-sow-hero-default-7a011a7c0fd5-5489 so-widget-fittext-wrapper\"\n\t\t\t data-fit-text-compressor=\"0.85\"\n\t\t>\t\t\t\t<div class=\"sow-slider-base\" style=\"display: none\" tabindex=\"0\">\n\t\t\t\t\t<ul\n\t\t\t\t\tclass=\"sow-slider-images\"\n\t\t\t\t\tdata-settings=\"{&quot;pagination&quot;:true,&quot;speed&quot;:800,&quot;timeout&quot;:8000,&quot;paused&quot;:false,&quot;pause_on_hover&quot;:false,&quot;swipe&quot;:true,&quot;nav_always_show_desktop&quot;:&quot;&quot;,&quot;nav_always_show_mobile&quot;:&quot;&quot;,&quot;breakpoint&quot;:&quot;780px&quot;,&quot;unmute&quot;:false,&quot;anchor&quot;:null}\"\n\t\t\t\t\t\t\t\t\t\tdata-anchor-id=\"\"\n\t\t\t\t>\t\t<li class=\"sow-slider-image  sow-slider-image-cover\" style=\"visibility: visible;;background-color: #333333;background-image: url(https:\/\/howlab.i3a.es\/wp-content\/uploads\/2021\/04\/Banner1.png)\" >\n\t\t\t\t\t<div class=\"sow-slider-image-container\">\n\t\t\t<div class=\"sow-slider-image-wrapper\">\n\t\t\t\t<h1 class=\"entry-title\" style=\"text-align: center\"><strong>Theses<\/strong><\/h1>\t\t\t<\/div>\n\t\t<\/div>\n\t\t\t\t<\/li>\n\t\t<\/ul>\t\t\t\t<ol class=\"sow-slider-pagination\">\n\t\t\t\t\t\t\t\t\t\t\t<li><a href=\"#\" data-goto=\"0\" aria-label=\"mostrar diapositiva 1\"><\/a><\/li>\n\t\t\t\t\t\t\t\t\t<\/ol>\n\n\t\t\t\t<div class=\"sow-slide-nav sow-slide-nav-next\">\n\t\t\t\t\t<a href=\"#\" data-goto=\"next\" aria-label=\"diapositiva siguiente\" data-action=\"next\">\n\t\t\t\t\t\t<em class=\"sow-sld-icon-thin-right\"><\/em>\n\t\t\t\t\t<\/a>\n\t\t\t\t<\/div>\n\n\t\t\t\t<div class=\"sow-slide-nav sow-slide-nav-prev\">\n\t\t\t\t\t<a href=\"#\" data-goto=\"previous\" aria-label=\"diapositiva anterior\" data-action=\"prev\">\n\t\t\t\t\t\t<em class=\"sow-sld-icon-thin-left\"><\/em>\n\t\t\t\t\t<\/a>\n\t\t\t\t<\/div>\n\t\t\t\t<\/div><\/div><\/div><\/div><\/div><\/div><\/div>\n\n<div id=\"pl-gb5489-69e7adb69651c\"  class=\"panel-layout wp-block-siteorigin-panels-layout-block\" ><div id=\"pg-gb5489-69e7adb69651c-0\"  class=\"panel-grid panel-no-style\" ><div id=\"pgc-gb5489-69e7adb69651c-0-0\"  class=\"panel-grid-cell\" ><div id=\"panel-gb5489-69e7adb69651c-0-0-0\" class=\"so-panel widget widget_sow-editor panel-first-child panel-last-child\" data-index=\"0\" ><div\n\t\t\t\n\t\t\tclass=\"so-widget-sow-editor so-widget-sow-editor-base\"\n\t\t\t\n\t\t>\n<div class=\"siteorigin-widget-tinymce textwidget\">\n\t<h3>Thesis<\/h3><form method=\"get\" action=\"\"><label for=\"pg_anio_tesis\">Year: <\/label>\r\n        <select name=\"pg_anio_tesis\" onchange=\"this.form.submit()\"><option value=\"\" selected>All years<\/option><option value=\"2026\" >2026<\/option><option value=\"2025\" >2025<\/option><option value=\"2024\" >2024<\/option><option value=\"2023\" >2023<\/option><option value=\"2022\" >2022<\/option><option value=\"2021\" >2021<\/option><option value=\"2020\" >2020<\/option><option value=\"2019\" >2019<\/option><option value=\"2018\" >2018<\/option><option value=\"2017\" >2017<\/option><option value=\"2016\" >2016<\/option><option value=\"2015\" >2015<\/option><option value=\"2014\" >2014<\/option><option value=\"2013\" >2013<\/option><option value=\"2012\" >2012<\/option><option value=\"2011\" >2011<\/option><option value=\"2010\" >2010<\/option><option value=\"2009\" >2009<\/option><option value=\"2008\" >2008<\/option><option value=\"2007\" >2007<\/option><option value=\"2006\" >2006<\/option><option value=\"2005\" >2005<\/option><option value=\"2004\" >2004<\/option><option value=\"2003\" >2003<\/option><option value=\"2002\" >2002<\/option><option value=\"2001\" >2001<\/option><option value=\"2000\" >2000<\/option><\/select><input type=\"hidden\" name=\"trp-form-language\" value=\"es\"\/><\/form><br><p class=\"contador\">Total theses: <strong>21<\/strong><\/p><table class=\"pg-tabla\"><thead><tr><th>Date<\/th><th>Title<\/th><th>Director\/s<\/th><th>University of defense<\/th><th>Student<\/th><th>Grading<\/th><\/tr><\/thead><tbody><tr><td><span>15\/10\/2024<\/span><\/td><td><span>Integraci\u00f3n de la Inferencia Causal en el Aprendizaje Autom\u00e1tico: Experimentos y Aplicaciones<\/span><\/td><td><span>MANUEL G\u00d3NZALEZ BEDIA<\/span><\/td><td><span>Universidad de Zaragoza<\/span><\/td><td><span>V\u00e9lez Bedoya, Jairo Iv\u00e1n<\/span><\/td><td><span>Sobresaliente<\/span><\/td><\/tr><tr><td><span>06\/03\/2024<\/span><\/td><td><span>APRENDIZAJE PROFUNDO APLICADO AL PROCESADO DE SE\u00d1ALES DE FALTAS EN REDES EL\u00c9CTRICAS<\/span><\/td><td><span>JOS\u00c9 EL\u00cdAS HERRERO JARABA<\/span><\/td><td><span>Universidad de Zaragoza<\/span><\/td><td><span>Granado Fornas, Javier<\/span><\/td><td><span>Sobresaliente cum laude<\/span><\/td><\/tr><tr><td><span>13\/06\/2023<\/span><\/td><td><span>Aportaciones desde el dise\u00f1o y la tecnolog\u00eda para el fomento de la creatividad en entornos educativos.<\/span><\/td><td><span>ROBERTO JOS\u00c9 CASAS NEBRA<\/span><\/td><td><span>Universidad de Zaragoza<\/span><\/td><td><span>Calavia Ferr\u00e1ndez, Mar\u00eda Bel\u00e9n<\/span><\/td><td><span>Sobresaliente cum laude<\/span><\/td><\/tr><tr><td><span>28\/11\/2022<\/span><\/td><td><span>Contribuci\u00f3n a la Caracterizaci\u00f3n y el Modelado de la M\u00e1quina de Reluctancia Conmutada.<\/span><\/td><td><span>BONIFACIO MART\u00cdN DEL BR\u00cdO<\/span><\/td><td><span>Universidad de Zaragoza<\/span><\/td><td><span>P\u00e9rez Cebolla, Francisco Jos\u00e9<\/span><\/td><td><span>Sobresaliente cum laude<\/span><\/td><\/tr><tr><td><span>05\/11\/2020<\/span><\/td><td><span>Deep Neural Networks for Partial Discharge sources recognition in MV Switchgear<\/span><\/td><td><span>JULIO DAVID BULDAIN P\u00c9REZ<\/span><\/td><td><span>Universidad de Zaragoza<\/span><\/td><td><span>Barrios Pereira, Sonia<\/span><\/td><td><span>Sobresaliente cum laude<\/span><\/td><\/tr><tr><td><span>30\/05\/2019<\/span><\/td><td><span>Redes aut\u00f3nomas e inteligentes para la monitorizaci\u00f3n de variables ambientales.<\/span><\/td><td><span>ROBERTO JOS\u00c9 CASAS NEBRA<\/span><\/td><td><span>Universidad de Zaragoza<\/span><\/td><td><span>Trasvi\u00f1a Moreno, Carlos Andr\u00e9s<\/span><\/td><td><span>Sobresaliente cum laude<\/span><\/td><\/tr><tr><td><span>02\/04\/2017<\/span><\/td><td><span>A Parsimonious Model for Locomotor Behaviour in Virtual Agents Based on Dynamical Coupling With the Environment.<\/span><\/td><td><span>MANUEL G\u00d3NZALEZ BEDIA<\/span><\/td><td><span>Universidad de Zaragoza<\/span><\/td><td><span>Zaldivar Pino, Angel Alejandro<\/span><\/td><td><span>Sobresaliente<\/span><\/td><\/tr><tr><td><span>07\/02\/2016<\/span><\/td><td><span>Desarrollo de la metodolog\u00eda del proceso de pulido y acabado de superficies de forma libre utilizando robot esf\u00e9rico.<\/span><\/td><td><span>\u00c1NGEL FERN\u00c1NDEZ CUELLO<\/span><\/td><td><span>Universidad de Zaragoza<\/span><\/td><td><span>Dieste Marcial, Jos\u00e9 Antonio<\/span><\/td><td><span>Sobresaliente &quot;Cum Laude&quot;<\/span><\/td><\/tr><tr><td><span>07\/02\/2016<\/span><\/td><td><span>Mejora de las propiedades de termopl\u00e1sticos biobasados mediante el uso de refuerzos y aditivos y de su procesado mediante inyecci\u00f3n y extrusi\u00f3n soplado.<\/span><\/td><td><span>\u00c1NGEL FERN\u00c1NDEZ CUELLO<\/span><\/td><td><span>Universidad de Zaragoza<\/span><\/td><td><span>Peinado Canudo, Victor<\/span><\/td><td><span>Sobresaliente<\/span><\/td><\/tr><tr><td><span>07\/02\/2016<\/span><\/td><td><span>Fundamentos para nuevas propuestas did\u00e1cticas en Educaci\u00f3n Art\u00edstica basadas en el estudio cognitivo de la experiencia est\u00e9tica<\/span><\/td><td><span>MANUEL G\u00d3NZALEZ BEDIA<\/span><\/td><td><span>Universidad de Zaragoza<\/span><\/td><td><span>L\u00f3pez D\u00edaz, Carolina<\/span><\/td><td><span>Sobresaliente<\/span><\/td><\/tr><tr><td><span>04\/02\/2016<\/span><\/td><td><span>Contribuciones a la interoperabilidad y a la optimizaci\u00f3n en el dise\u00f1o de dispositivos para la Internet de las Cosas.<\/span><\/td><td><span>ROBERTO JOS\u00c9 CASAS NEBRA<\/span><\/td><td><span>Universidad de Zaragoza<\/span><\/td><td><span>Asensio Gimeno, \u00c1ngel<\/span><\/td><td><span>Sobresaliente &quot;Cum Laude&quot;<\/span><\/td><\/tr><tr><td><span>01\/02\/2016<\/span><\/td><td><span>Redes neuronales artificiales para evaluar la calidad de vida.<\/span><\/td><td><span>BONIFACIO MART\u00cdN DEL BR\u00cdO<\/span><\/td><td><span>Universidad de Zaragoza<\/span><\/td><td><span>Bono Nuez, Antonio<\/span><\/td><td><span>Sobresaliente<\/span><\/td><\/tr><tr><td><span>14\/01\/2016<\/span><\/td><td><span>Contribuciones a las tecnolog\u00edas Machine to Machine (M2M) aplicadas a la comunicaci\u00f3n de dispositivos m\u00e9dicos basados en interoperabilidad y eficiencia energ\u00e9tica.<\/span><\/td><td><span>IGNACIO MART\u00cdNEZ RUIZ<\/span><\/td><td><span>Universidad de Zaragoza<\/span><\/td><td><span>Perez Cebollada, Eduardo<\/span><\/td><td><span>Sobresaliente &quot;Cum Laude&quot;<\/span><\/td><\/tr><tr><td><span>22\/11\/2015<\/span><\/td><td><span>Interaction Dynamics and Autonomy in Cognitive Systems<\/span><\/td><td><span>MANUEL G\u00d3NZALEZ BEDIA<\/span><\/td><td><span>Universidad de Zaragoza<\/span><\/td><td><span>Aguilera Liz\u00e1rraga, Miguel<\/span><\/td><td><span>Sobresaliente cum laude<\/span><\/td><\/tr><tr><td><span>13\/03\/2014<\/span><\/td><td><span>Magnitude Sensitive Competitive Neural Networks<\/span><\/td><td><span>JULIO DAVID BULDAIN P\u00c9REZ<\/span><\/td><td><span>Universidad de Zaragoza<\/span><\/td><td><span>Pelayo Campillos, Enrique<\/span><\/td><td><span>Sobresaliente &quot;Cum Laude&quot;<\/span><\/td><\/tr><tr><td><span>03\/11\/2013<\/span><\/td><td><span>Contributions to the continuity of care: integration of telemonitoring data into the patient&#039;s Electronic Health Records through the concurrent use of open standars.<\/span><\/td><td><span>IGNACIO MART\u00cdNEZ RUIZ<\/span><\/td><td><span>Universidad de Zaragoza<\/span><\/td><td><span>Mu\u00f1oz Gargallo, Maria Pilar<\/span><\/td><td><span>Sobresaliente cum laude<\/span><\/td><\/tr><tr><td><span>06\/10\/2013<\/span><\/td><td><span>Smart kitchen for ambient assisted living.<\/span><\/td><td><span>\u00c1LVARO MARCO MARCO, ROBERTO JOS\u00c9 CASAS NEBRA<\/span><\/td><td><span>Universidad de Zaragoza<\/span><\/td><td><span>Blasco Mar\u00edn, Rub\u00e9n Crist\u00f3bal<\/span><\/td><td><span>Sobresaliente &quot;Cum Laude&quot;<\/span><\/td><\/tr><tr><td><span>29\/03\/2012<\/span><\/td><td><span>Contribuciones a est\u00e1ndares y tecnolog\u00edas de comunicaci\u00f3n en dispositivos m\u00e9dicos para e-Salud. Integraci\u00f3n en aplicaciones de telemonitorizaci\u00f3n y gesti\u00f3n de la informaci\u00f3n<\/span><\/td><td><span>IGNACIO MART\u00cdNEZ RUIZ<\/span><\/td><td><span>Universidad de Zaragoza<\/span><\/td><td><span>Escayola Calvo, Javier<\/span><\/td><td><span>Apto cum laude<\/span><\/td><\/tr><tr><td><span>04\/11\/2010<\/span><\/td><td><span>Integraci\u00f3n de paradigmas: Estudio de modelos neuro-borrosos, extracci\u00f3n de reglas y sus aplicaciones<\/span><\/td><td><span>BONIFACIO MART\u00cdN DEL BR\u00cdO<\/span><\/td><td><span>Universidad de Zaragoza<\/span><\/td><td><span>Hoyo Alonso, Rafael del<\/span><\/td><td><span>Sobresaliente &quot;Cum Laude&quot;<\/span><\/td><\/tr><tr><td><span>13\/07\/2010<\/span><\/td><td><span>Detecci\u00f3n, segmentaci\u00f3n y seguimiento de personas en un entorno multic\u00e1mara: Aplicaci\u00f3n al \u00e1mbito deportivo.<\/span><\/td><td><span>JOS\u00c9 EL\u00cdAS HERRERO JARABA<\/span><\/td><td><span>Universidad de Zaragoza<\/span><\/td><td><span>Gomez Sanchez, Jorge Raul<\/span><\/td><td><span>Sobresaliente &quot;Cum Laude&quot;<\/span><\/td><\/tr><tr><td><span>06\/07\/2008<\/span><\/td><td><span>Estudio de la estructuraci\u00f3n modular de un sistema de visi\u00f3n artificial basado en redes neuronales<\/span><\/td><td><span>JULIO DAVID BULDAIN P\u00c9REZ<\/span><\/td><td><span>Universidad de la Rioja<\/span><\/td><td><span>Jos\u00e9 Mar\u00eda Zorzano Mart\u00ednez<\/span><\/td><td><span>Sobresaliente<\/span><\/td><\/tr><\/tbody><\/table>\n<\/div>\n<\/div><\/div><\/div><\/div><\/div>","protected":false},"excerpt":{"rendered":"","protected":false},"author":1,"featured_media":0,"parent":0,"menu_order":0,"comment_status":"closed","ping_status":"closed","template":"","meta":{"footnotes":""},"class_list":["post-5489","page","type-page","status-publish"],"_links":{"self":[{"href":"https:\/\/howlab.i3a.es\/es\/wp-json\/wp\/v2\/pages\/5489","targetHints":{"allow":["GET"]}}],"collection":[{"href":"https:\/\/howlab.i3a.es\/es\/wp-json\/wp\/v2\/pages"}],"about":[{"href":"https:\/\/howlab.i3a.es\/es\/wp-json\/wp\/v2\/types\/page"}],"author":[{"embeddable":true,"href":"https:\/\/howlab.i3a.es\/es\/wp-json\/wp\/v2\/users\/1"}],"replies":[{"embeddable":true,"href":"https:\/\/howlab.i3a.es\/es\/wp-json\/wp\/v2\/comments?post=5489"}],"version-history":[{"count":1,"href":"https:\/\/howlab.i3a.es\/es\/wp-json\/wp\/v2\/pages\/5489\/revisions"}],"predecessor-version":[{"id":5490,"href":"https:\/\/howlab.i3a.es\/es\/wp-json\/wp\/v2\/pages\/5489\/revisions\/5490"}],"wp:attachment":[{"href":"https:\/\/howlab.i3a.es\/es\/wp-json\/wp\/v2\/media?parent=5489"}],"curies":[{"name":"wp","href":"https:\/\/api.w.org\/{rel}","templated":true}]}}